{"id":2681,"date":"2016-12-28T08:51:03","date_gmt":"2016-12-28T08:51:03","guid":{"rendered":"https:\/\/www.matek.ee\/modulars\/"},"modified":"2021-01-08T14:46:42","modified_gmt":"2021-01-08T12:46:42","slug":"modulars","status":"publish","type":"page","link":"https:\/\/www.matek.ee\/de\/modulars\/","title":{"rendered":"Module"},"content":{"rendered":"<div class=\"wpb-content-wrapper\"><p>[vc_row][vc_column width=&#8220;1\/2&#8243;][vc_column_text]<\/p>\n<h2>Was ist ein Modul?<\/h2>\n<div><span lang=\"ET\">Ein volumetrisches Element, bei dem der Boden, die W\u00e4nde und die Decke\/das Dach bereits im Werk als eine Einheit montiert werden. Im Vergleich zu Elementbauten werden Innenausbauten, d.h. Sonderarbeiten, durchgef\u00fchrt.<\/span><\/div>\n<h2>Was kann in der Fabrik getan werden?<\/h2>\n<ul>\n<li>\n<div><span lang=\"ET\">Spezialarbeiten in Modularen:<\/span><\/div>\n<ul>\n<li><span lang=\"ET\">Elektrizit\u00e4t<\/span><\/li>\n<li><span lang=\"ET\"><span style=\"font-size: 1rem;\">Abwasser- und Wasserversorgung<\/span><\/span><\/li>\n<li>Heizung<\/li>\n<li>Bel\u00fcftung<\/li>\n<li><span style=\"font-size: 1rem;\">Sprinkleranlage<\/span><\/li>\n<\/ul>\n<\/li>\n<li>\n<div><span lang=\"ET\">Innenausbauarbeiten<\/span><span style=\"font-size: 1rem;\">:<\/span><\/div>\n<ul>\n<li><span style=\"font-size: 1rem;\">Fliesen in den Nassr\u00e4umen (B\u00f6den und W\u00e4nde)<\/span><\/li>\n<li><span style=\"font-size: 1rem;\"><span style=\"font-size: 1rem;\">Farbe \/ Tapete \/ spezielle Wandpaneele (Decken und W\u00e4nde<\/span><\/span>)<\/li>\n<li><span style=\"font-size: 1rem;\"><span style=\"font-size: 1rem;\">Verlegung von Parkett- oder PVC-Fu<\/span><\/span><span style=\"font-size: 1rem;\">\u00dfb\u00f6den<\/span><\/li>\n<\/ul>\n<\/li>\n<li>Installation von\n<ul>\n<li><span style=\"font-size: 1rem;\">Sanit\u00e4ranlagen (Wasserh\u00e4hne, Toilettensitze, Badewannen, Waschbecken, Dusche Kabinen, Duschsysteme<\/span>)<\/li>\n<li><span style=\"font-size: 1rem;\">Beleuchtun<\/span><\/li>\n<li>\n<div><span lang=\"ET\">K\u00fcchen- und Badm\u00f6bel<\/span><\/div>\n<\/li>\n<li>\n<div><span lang=\"ET\">Dunstabzugshaube f\u00fcr K\u00fcche<\/span><\/div>\n<\/li>\n<\/ul>\n<\/li>\n<\/ul>\n<h2>Welche Art von Haus ist geeignet, um als Modulhaus gebaut zu werden?<\/h2>\n<ul>\n<li>\n<div><span lang=\"ET\">Bis zu 4 Etagen kann normales Holzrahmenbauholz verwendet werden<\/span><\/div>\n<\/li>\n<li>\n<div><span lang=\"ET\">Projekte mit einer Grundfl\u00e4che von mehr als 1.500 m2 werden per Schiffzum n\u00e4chstgelegenen Zielhafen verschifft<\/span><\/div>\n<\/li>\n<li>\n<div><span lang=\"ET\">Aufgrund der Transportanforderungen betr\u00e4gt die maximale Abmessung eines Einzelmoduls<\/span><\/div>\n<ul>\n<li>Breite bis zu 4,2 m<\/li>\n<li>L\u00e4nge bis zu 12 m<\/li>\n<li>Maximale H\u00f6he 3 m<\/li>\n<\/ul>\n<\/li>\n<li><span style=\"font-size: 1rem;\">Einige architektonische Einschr\u00e4nkungen<\/span>\n<ul>\n<li>\n<div><span lang=\"ET\">Aufeinanderfolgende tragende Leitungen\u00a0<\/span><\/div>\n<\/li>\n<li>\n<div><span lang=\"ET\">Doppelte W\u00e4nde zwischen den Modulen<\/span><\/div>\n<\/li>\n<li>Successive shafts<\/li>\n<\/ul>\n<\/li>\n<\/ul>\n<h2>Wie werden Module montiert?<\/h2>\n<ul>\n<li><span lang=\"ET\">Stockwerk f\u00fcr Stockwerk mit einem Kran direkt vom LKW<\/span><\/li>\n<li><span lang=\"ET\"><span style=\"font-size: 1rem;\">30 bis 60 Minuten pro Modul je nach Art des Moduls (externe und interne Verbindungen<\/span><\/span>)<\/li>\n<li>\n<div><span lang=\"ET\">Nach der Montage der Module werden die Elemente f\u00fcr Balkone, G\u00e4nge usw. installiert<\/span><\/div>\n<\/li>\n<li>\n<div><span lang=\"ET\">Die Fertigstellung eines modularen Geb\u00e4udes mit einer Grundfl\u00e4che von 1.000 m2 auf der Baustelle dauert je nach Komplexit\u00e4t des gesamten Geb\u00e4udes bis zu 6 Wochen<\/span><\/div>\n<\/li>\n<\/ul>\n<p>[\/vc_column_text][\/vc_column][vc_column width=&#8220;1\/2&#8243;][vc_column_text]<\/p>\n<h2>Was erwarten wir von Kunden?<\/h2>\n<ul>\n<li><strong>Architektonische L\u00f6sung<\/strong>\n<div><span lang=\"ET\">Einschlie\u00dflich Grundrisse, Querschnitte und Fassadenansichten von allen vier Seiten des Geb\u00e4udes<\/span><span style=\"font-size: 1rem;\">.<\/span><\/div>\n<\/li>\n<\/ul>\n<ul>\n<li><strong style=\"font-size: 1rem;\"><strong style=\"font-size: 1rem;\"><b style=\"font-size: 1rem;\"><span lang=\"ET\">Hauptpl\u00e4ne f\u00fcr Sonderarbeiten<\/span><\/b><\/strong><\/strong><strong style=\"font-size: 1rem;\">:<\/strong><\/li>\n<li><strong style=\"font-size: 1rem;\"><span style=\"font-size: 1rem; font-weight: 400;\">Elektrizit\u00e4t<\/span><\/strong><\/li>\n<li>B<span style=\"font-size: 1rem;\">el\u00fcftung<\/span><\/li>\n<li><span style=\"font-size: 1rem;\"><span style=\"font-size: 1rem;\">Abwasser- und Wasserversorgung<\/span><\/span><\/li>\n<li>Heitzung<\/li>\n<li>Sprinkleranlage<\/li>\n<li>\n<div><b><span lang=\"ET\">Als Hauptauftragnehmer und technischer Designer des Geb\u00e4udes<\/span><\/b><\/div>\n<\/li>\n<\/ul>\n<h2>Unsere Verantwortung vor Ort<\/h2>\n<ul>\n<li><span lang=\"ET\">Montagearbeiten der Module (externe und interne Verbindungen<\/span><span style=\"font-size: 1rem;\">)<\/span><\/li>\n<li><span style=\"font-size: 1rem;\"><span style=\"font-size: 1rem;\">Montagearbeiten der Balkone, G\u00e4nge, Terrassen usw.<\/span><\/span><\/li>\n<\/ul>\n<h2>Verantwortung des Kunden<\/h2>\n<ul>\n<li><span style=\"font-size: 1rem;\">Anschluss des Geb\u00e4udes an die Hauptversorgung mit Wasser, Abwasser und Strom.<\/span><\/li>\n<li><span style=\"font-size: 1rem;\">Als Hauptauftragnehmer und technischer Designer des Geb\u00e4udes<\/span><\/li>\n<li>\n<div><span lang=\"ET\">Fundament und andere konkrete Teile<\/span><\/div>\n<\/li>\n<li>\n<div><span lang=\"ET\">Externe Kommunikation<\/span><\/div>\n<\/li>\n<li>\n<div>\n<p><span lang=\"ET\"><span lang=\"ET\">Die Verwaltung der Baustelle: Abfallbeh\u00e4lter, Baub\u00fcro,<\/span><\/span><\/p>\n<div><span lang=\"ET\">Unterkunft f\u00fcr das Montageteam, Kr\u00e4ne, Ger\u00fcste, Strom- und Wasserversorgung<\/span><\/div>\n<\/div>\n<\/li>\n<\/ul>\n<p>[\/vc_column_text][vc_images_carousel images=&#8220;280&#8243;][\/vc_column][\/vc_row]<\/p>\n<\/div>","protected":false},"excerpt":{"rendered":"<p>[vc_row][vc_column width=&#8220;1\/2&#8243;][vc_column_text] Was ist ein Modul? Ein volumetrisches Element, bei dem der Boden, die W\u00e4nde und die Decke\/das Dach bereits im Werk als eine Einheit montiert werden. Im Vergleich zu Elementbauten werden Innenausbauten, d.h. Sonderarbeiten, durchgef\u00fchrt. Was kann in der Fabrik getan werden? Spezialarbeiten in Modularen: Elektrizit\u00e4t Abwasser- und Wasserversorgung Heizung Bel\u00fcftung Sprinkleranlage Innenausbauarbeiten: Fliesen &hellip; <\/p>\n<p class=\"link-more\"><a href=\"https:\/\/www.matek.ee\/de\/modulars\/\" class=\"more-link\">Continue reading<span class=\"screen-reader-text\"> &#8222;Module&#8220;<\/span><\/a><\/p>\n","protected":false},"author":3,"featured_media":0,"parent":0,"menu_order":6,"comment_status":"closed","ping_status":"closed","template":"","meta":{"_acf_changed":false,"footnotes":""},"class_list":["post-2681","page","type-page","status-publish","hentry"],"acf":[],"_links":{"self":[{"href":"https:\/\/www.matek.ee\/de\/wp-json\/wp\/v2\/pages\/2681","targetHints":{"allow":["GET"]}}],"collection":[{"href":"https:\/\/www.matek.ee\/de\/wp-json\/wp\/v2\/pages"}],"about":[{"href":"https:\/\/www.matek.ee\/de\/wp-json\/wp\/v2\/types\/page"}],"author":[{"embeddable":true,"href":"https:\/\/www.matek.ee\/de\/wp-json\/wp\/v2\/users\/3"}],"replies":[{"embeddable":true,"href":"https:\/\/www.matek.ee\/de\/wp-json\/wp\/v2\/comments?post=2681"}],"version-history":[{"count":0,"href":"https:\/\/www.matek.ee\/de\/wp-json\/wp\/v2\/pages\/2681\/revisions"}],"wp:attachment":[{"href":"https:\/\/www.matek.ee\/de\/wp-json\/wp\/v2\/media?parent=2681"}],"curies":[{"name":"wp","href":"https:\/\/api.w.org\/{rel}","templated":true}]}}