{"id":2682,"date":"2016-12-28T08:50:43","date_gmt":"2016-12-28T08:50:43","guid":{"rendered":"https:\/\/www.matek.ee\/elements\/"},"modified":"2021-01-11T09:53:21","modified_gmt":"2021-01-11T07:53:21","slug":"elements","status":"publish","type":"page","link":"https:\/\/www.matek.ee\/de\/elements\/","title":{"rendered":"Elemente"},"content":{"rendered":"<div class=\"wpb-content-wrapper\"><p>[vc_row][vc_column width=&#8220;1\/2&#8243;][vc_column_text]<\/p>\n<h2>Was ist ein Elementhaus?<\/h2>\n<p>Ein Elementhaus besteht aus einzelnen Holzplattenelementen, die vor Ort zusammen montiert werden.<\/p>\n<h2>Was beinhaltet unser Lieferset?<\/h2>\n<ul>\n<li>Wandelemente\n<ul>\n<li><span style=\"font-size: 1rem;\">Au\u00dfenwandelemente. Die Elemente sind ged\u00e4mmt und die Wetterschicht wurde bereits im Werk montiert. Rohre und K\u00e4sten f\u00fcr elektrische Installation, interne Gipskartonplatten, Fenster, Balkont\u00fcren mit Blechen dar\u00fcber und darunter, auch Platten um diese herum sind bereits installiert<\/span><\/li>\n<li>\n<div><span lang=\"ET\">Innenwandelemente. Geschlossene isolierte Elementplatten mit Rohren und K\u00e4sten f\u00fcr die elektrische Installation.<\/span><\/div>\n<\/li>\n<\/ul>\n<\/li>\n<li>\n<div><span lang=\"ET\">Eingef\u00fcgte Deckenelemente. Elemente sind werkseitig ged\u00e4mmt und mit Spanplatten bedeckt. Deckengips und die Latten werden vor Ort montiert.<\/span><\/div>\n<\/li>\n<li><span style=\"font-size: 1rem;\"><span style=\"font-size: 1rem;\">Dachelemente oder Materialien.\u00a0<span style=\"font-size: 1rem;\">Dachelemente werden im Werk ged\u00e4mmt, der Sparrenzwischenraum wird mit Mineralwolle gef\u00fcllt, Dachunterspannbahn und die Dachunterlage und Lattung werden auf den Balken montiert. Dacheindeckungsmaterialien und Schichten unter der Dampfsperre (Deckenlatten und Gips) werden auf der Baustelle montiert.<\/span><\/span><\/span><\/li>\n<li><span lang=\"ET\">Balkonelemente<\/span><\/li>\n<li><span lang=\"ET\"><span style=\"font-size: 1rem;\">Terrassenelemente<\/span><\/span><\/li>\n<li>B<span style=\"font-size: 1rem;\">alkon- und Terrassengel\u00e4nder<\/span><\/li>\n<\/ul>\n<div><span lang=\"ET\">All dies wird auf die Baustelle geliefert und gem\u00e4\u00df Kundenauftrag montiert<\/span>.<\/div>\n<div><\/div>\n<p>Wenn wir die Baustelle verlassen, ist das Geb\u00e4ude au\u00dfen komplett fertig und innen mit Gipskartonplatten versehen.<\/p>\n<p>P.S:. Wenn es um Elementh\u00e4user geht, sind wir in erster Linie der Produzent und f\u00fchren keine speziellen Arbeiten wie Fundament, Abwasser- und Wasserversorgung, Stromverkabelung, Sanit\u00e4r, L\u00fcftung, Heizung und Innenausbau vor Ort durch.[\/vc_column_text][\/vc_column][vc_column width=&#8220;1\/2&#8243;][vc_column_text]<\/p>\n<h2>Was machen wir aus Elementen?<\/h2>\n<div><span lang=\"ET\">Holzelemente k\u00f6nnen zum Bau von H\u00e4usern mit sehr unterschiedlicher Architektur und Funktionalit\u00e4t verwendet werden. Unser Hauptaugenmerk liegt auf gr\u00f6\u00dferen Projeken wie<\/span><\/div>\n<div><\/div>\n<ul>\n<li>\n<div><span lang=\"ET\">Fl\u00e4chenentwicklung bestehend aus Einfamilienh\u00e4usern und Doppelh\u00e4usern<\/span><\/div>\n<\/li>\n<li>Reihenh\u00e4user<\/li>\n<li><span style=\"font-size: 1rem;\">Apartmentgeb\u00e4ude<\/span><\/li>\n<li>\n<div><span lang=\"ET\">\u00d6ffentliche Geb\u00e4ude (Hotels, Schlafs\u00e4le, Krankenh\u00e4user, Pflegeeinrichtungen, Kinderg\u00e4rten, Schulen usw.)<\/span><\/div>\n<\/li>\n<li>Au\u00dfenwand- und Dachelemente f\u00fcr Wohnung und \u00d6ffentlichkeit<\/li>\n<li>Geb\u00e4ude mit tragenden Strukturen aus Beton oder Stah<\/li>\n<\/ul>\n<div><span lang=\"ET\">F\u00fcr den Bau eines 4-st\u00f6ckigen Geb\u00e4udes kann ein gew\u00f6hnlicher Holzrahmen verwendet werden. Ab dem 5. Stock sind spezielle Holzma\u00dfe angebracht<\/span>.<\/div>\n<h2>Was erwarten wir vom Kunden?<\/h2>\n<p>Die architektonische L\u00f6sung mit Messungen einschlie\u00dflich:<\/p>\n<ul>\n<li>Grundrisse<\/li>\n<li>Querschnitte<\/li>\n<li>Fassadenblick von allen vier Seiten des Geb\u00e4udes<\/li>\n<\/ul>\n<p>[\/vc_column_text][vc_gallery type=&#8220;image_grid&#8220; images=&#8220;282&#8243;][\/vc_column][\/vc_row]<\/p>\n<\/div>","protected":false},"excerpt":{"rendered":"<p>[vc_row][vc_column width=&#8220;1\/2&#8243;][vc_column_text] Was ist ein Elementhaus? Ein Elementhaus besteht aus einzelnen Holzplattenelementen, die vor Ort zusammen montiert werden. Was beinhaltet unser Lieferset? Wandelemente Au\u00dfenwandelemente. Die Elemente sind ged\u00e4mmt und die Wetterschicht wurde bereits im Werk montiert. Rohre und K\u00e4sten f\u00fcr elektrische Installation, interne Gipskartonplatten, Fenster, Balkont\u00fcren mit Blechen dar\u00fcber und darunter, auch Platten um diese &hellip; <\/p>\n<p class=\"link-more\"><a href=\"https:\/\/www.matek.ee\/de\/elements\/\" class=\"more-link\">Continue reading<span class=\"screen-reader-text\"> &#8222;Elemente&#8220;<\/span><\/a><\/p>\n","protected":false},"author":3,"featured_media":0,"parent":0,"menu_order":5,"comment_status":"closed","ping_status":"closed","template":"","meta":{"_acf_changed":false,"footnotes":""},"class_list":["post-2682","page","type-page","status-publish","hentry"],"acf":[],"_links":{"self":[{"href":"https:\/\/www.matek.ee\/de\/wp-json\/wp\/v2\/pages\/2682","targetHints":{"allow":["GET"]}}],"collection":[{"href":"https:\/\/www.matek.ee\/de\/wp-json\/wp\/v2\/pages"}],"about":[{"href":"https:\/\/www.matek.ee\/de\/wp-json\/wp\/v2\/types\/page"}],"author":[{"embeddable":true,"href":"https:\/\/www.matek.ee\/de\/wp-json\/wp\/v2\/users\/3"}],"replies":[{"embeddable":true,"href":"https:\/\/www.matek.ee\/de\/wp-json\/wp\/v2\/comments?post=2682"}],"version-history":[{"count":0,"href":"https:\/\/www.matek.ee\/de\/wp-json\/wp\/v2\/pages\/2682\/revisions"}],"wp:attachment":[{"href":"https:\/\/www.matek.ee\/de\/wp-json\/wp\/v2\/media?parent=2682"}],"curies":[{"name":"wp","href":"https:\/\/api.w.org\/{rel}","templated":true}]}}