{"id":2692,"date":"2016-12-13T11:36:47","date_gmt":"2016-12-13T11:36:47","guid":{"rendered":"https:\/\/www.matek.ee\/about-us\/"},"modified":"2026-01-09T13:32:29","modified_gmt":"2026-01-09T11:32:29","slug":"about-us","status":"publish","type":"page","link":"https:\/\/www.matek.ee\/de\/about-us\/","title":{"rendered":"\u00dcBER UNS"},"content":{"rendered":"<div class=\"wpb-content-wrapper\"><p>[vc_row][vc_column][\/vc_column][\/vc_row][vc_row][vc_column width=&#8220;1\/2&#8243;][vc_column_text css=&#8220;&#8220;]Matek ist Hersteller von ma\u00dfgefertigten vorgefertigten Holzrahmenh\u00e4usern. Wir bieten Holzrahmenkonstruktionsl\u00f6sungen f\u00fcr Projekte an, bei denen normalerweise Beton- und Steinkonstruktionen verwendet werden. Wir geben Holz einen neuen Wert, indem wir innovative Wege finden, um daraus Wohnh\u00e4user und modulare H\u00e4user zu bauen.<\/p>\n<p><strong>Unsere Hauptprodukte sind:<\/strong><\/p>\n<ul>\n<li>\n<div><span lang=\"ET\">Vorgefertigte ebene und volumetrische Elementholzrahmen<\/span><\/div>\n<\/li>\n<li>\n<div><span lang=\"ET\">Mehrst\u00f6ckige Wohngeb\u00e4ude<\/span><\/div>\n<\/li>\n<li>Reihenh\u00e4user<\/li>\n<li><span style=\"font-size: 1rem;\">Kinderg\u00e4rten und andere \u00f6ffentliche Geb\u00e4ude<\/span><\/li>\n<li>\n<div><span lang=\"ET\">Gebietsentwicklungen<\/span><\/div>\n<\/li>\n<\/ul>\n<div><span lang=\"ET\">Matek exportiert 95% seiner Produktionen ins Ausland. Unsere Hauptm\u00e4rkte sind skandinavische L\u00e4nder, aber Sie k\u00f6nnen Matek-H\u00e4user auch in Deutschland, der Schweiz, Italien und anderen L\u00e4ndern finden<\/span>.<\/div>\n<h2>Qualit\u00e4t<\/h2>\n<p>Zertifikate<br \/>\n<a href=\"https:\/\/www.matek.ee\/wp-content\/uploads\/2025\/10\/0809-CPR-1164-AS-Matek-25.4.2023-2.pdf\" target=\"_blank\" rel=\"noopener noreferrer\"><img loading=\"lazy\" decoding=\"async\" class=\"alignnone\" src=\"https:\/\/www.matek.ee\/wp-content\/themes\/matek\/assets\/images\/cert-logo-blue.png\" alt=\"\" width=\"140\" height=\"82\" \/><\/a>\u00a0<a href=\"https:\/\/www.matek.ee\/wp-content\/uploads\/2025\/10\/UZ-HTU1-2025-1_Matek_EE_20250725_mm.pdf\" target=\"_blank\" rel=\"noopener\"><img loading=\"lazy\" decoding=\"async\" class=\"bmf-cert-img alignnone\" src=\"https:\/\/www.matek.ee\/wp-content\/uploads\/2024\/01\/Screenshot-2024-01-18-at-14.41.37.png\" alt=\"\" width=\"1074\" height=\"1476\" \/><\/a> <img decoding=\"async\" src=\"https:\/\/www.matek.ee\/wp-content\/themes\/matek\/assets\/images\/kaubanduskoda_ENG.png\" alt=\"\" \/> <img decoding=\"async\" src=\"https:\/\/www.matek.ee\/wp-content\/themes\/matek\/assets\/images\/puitmajaliit_ENG.png\" alt=\"\" \/><a href=\"https:\/\/www.matek.ee\/wp-content\/uploads\/2025\/10\/ISO-V2-ENG_merged.pdf\" target=\"_blank\" rel=\"noopener\"><img loading=\"lazy\" decoding=\"async\" class=\"alignleft size-medium wp-image-4353\" src=\"https:\/\/www.matek.ee\/wp-content\/uploads\/2026\/01\/iso-sert-300x108.png\" alt=\"\" width=\"300\" height=\"108\" srcset=\"https:\/\/www.matek.ee\/wp-content\/uploads\/2026\/01\/iso-sert-300x108.png 300w, https:\/\/www.matek.ee\/wp-content\/uploads\/2026\/01\/iso-sert.png 600w\" sizes=\"auto, (max-width: 300px) 100vw, 300px\" \/><\/a><\/p>\n<h2>Vision<\/h2>\n<div><span lang=\"ET\">Wir sind ein zuverl\u00e4ssiger Hersteller von H\u00e4usern und Anbieter innovativer Baul\u00f6sungen mit den besten Servicestandards f\u00fcr unsere Kunden<\/span>.<\/div>\n<h2>Mission<\/h2>\n<p>Die Bed\u00fcrfnisse unserer Kunden nach \u00f6kologisch sauberen Produkten befriedigen, die das Lebens- und Arbeitsumfeld bereichern und Ihnen Komfort und Einsparungen erm\u00f6glichen.<\/p>\n<p>Das gute Image des Unternehmens aufrechtzuerhalten und seinen Ruf zu steigern, indem wir die Zufriedenheit der Kunden sicherstellen und unseren Mitarbeitern Stabilit\u00e4t, gut bezahlte Arbeit und Entwicklungsm\u00f6glichkeiten bieten.<\/p>\n<h2>Werte<\/h2>\n<p><strong>Wir sind pr\u00e4zise<\/strong><br \/>\nAls\u00a0<span lang=\"ET\">Profis und mit unseren Produkten k\u00f6nnen wir unseren Kunden die besten L\u00f6sungen bieten. Wenn wir die Dinge richtig machen, erf\u00fcllen wir die Erwartungen unserer Partner<\/span>.<\/p>\n<p><strong>Wir finden L\u00f6sungen\u00a0<\/strong><br \/>\nBei\u00a0<span lang=\"ET\">jedem Schritt des Weges k\u00f6nnen unterschiedliche Probleme auftreten. In Matek wissen wir, dass das Problem nicht nur anerkannt, sondern gel\u00f6st werden muss. F\u00fcr uns ist es eine Ehrensache, L\u00f6sungen f\u00fcr die Probleme unserer Kunden zu finden.<\/span><\/p>\n<p><strong>Zusammen sind wir stark\u00a0<\/strong><br \/>\nWir\u00a0<span lang=\"ET\">glauben, dass wir weiter kommen, wenn wir zusammenarbeiten und die St\u00e4rken und charakterlichen Unterschiede des jeweils anderen annehmen, uns gegenseitig unterst\u00fctzen und uns f\u00fcr unsere Aufgaben engagieren<\/span>.<\/p>\n<p><strong>Ehrlichkeit zuerst\u00a0<\/strong><br \/>\nWir\u00a0<span lang=\"ET\">versprechen so viel oder ein bisschen weniger, als wir in der Lage sind zu liefern<\/span>.<\/p>\n<p><strong>Wir denken an morgen\u00a0<\/strong><br \/>\nWir\u00a0<span lang=\"ET\">entwickeln unsere Dienstleistungen, Produkte und Organisation und entwickeln neue intelligente und konstruktive L\u00f6sungen.<\/span>[\/vc_column_text][\/vc_column][vc_column width=&#8220;1\/4&#8243;][vc_single_image image=&#8220;2696&#8243; img_size=&#8220;large&#8220;][vc_single_image image=&#8220;2695&#8243; img_size=&#8220;large&#8220;][\/vc_column][vc_column width=&#8220;1\/4&#8243;][vc_single_image image=&#8220;2695&#8243; img_size=&#8220;large&#8220;][vc_single_image image=&#8220;2696&#8243; img_size=&#8220;large&#8220;][vc_column_text]<em><span lang=\"ET\">Die Zusammenarbeit mit AS MATEK umfasste verschiedene Projekte, von Doppelh\u00e4usern bis hin zu Mehrfamilienh\u00e4usern. Unsere langfristige Partnerschaft verlief reibungslos und mit minimalen Beanstandungen. Die Qualit\u00e4t aller Produkte ist sehr hoch. AS MATEK war sowohl im technischen Zeichnen als auch im Produzierensehr professionell. Ihre Geb\u00e4ude sind nachhaltig und M\u00e4ngel wurden immer repariert<\/span>.<\/em><\/p>\n<div><\/div>\n<p>Per-\u00d8ivind Wold<br \/>\nVilla Utvikling A.S<\/p>\n<p>&nbsp;<\/p>\n<div><em><span lang=\"ET\">Ich arbeite seit 2002 mit AS MATEK zusammen. Wir haben viele Projekte zusammen fertig gestellt. So zum Beispiel Carports, Kabinen, Einfamilienh\u00e4user, kleinere und gr\u00f6\u00dfere Apartmenth\u00e4user und\u00a0 einfache und komplexe Terrassengeb\u00e4ude. Zum Beispiel ist die Sj\u00f8utsikten Terrasse in Hurum, Norwegen, zu einem Wahrzeichen geworden. Dies ist ein komplexes Terrassengeb\u00e4ude mit Apartments auf vier Ebenen und einer gro\u00dfen Dachterrasse. Diese Geb\u00e4ude sind von hoher Qualit\u00e4t und spiegeln die hohe technische Kompetenz von AS MATEK wider. Flexibilit\u00e4t und Innovationskraft machen AS MATEK zu einem einfachen Partner.<\/span><\/em><\/div>\n<div><\/div>\n<div><\/div>\n<p>Roar Fuglerud,<br \/>\nRF Prosjekt AS[\/vc_column_text][\/vc_column][\/vc_row][vc_row][vc_column][\/vc_column][\/vc_row]<\/p>\n<\/div>","protected":false},"excerpt":{"rendered":"<p>[vc_row][vc_column][\/vc_column][\/vc_row][vc_row][vc_column width=&#8220;1\/2&#8243;][vc_column_text css=&#8220;&#8220;]Matek ist Hersteller von ma\u00dfgefertigten vorgefertigten Holzrahmenh\u00e4usern. Wir bieten Holzrahmenkonstruktionsl\u00f6sungen f\u00fcr Projekte an, bei denen normalerweise Beton- und Steinkonstruktionen verwendet werden. Wir geben Holz einen neuen Wert, indem wir innovative Wege finden, um daraus Wohnh\u00e4user und modulare H\u00e4user zu bauen. Unsere Hauptprodukte sind: Vorgefertigte ebene und volumetrische Elementholzrahmen Mehrst\u00f6ckige Wohngeb\u00e4ude Reihenh\u00e4user Kinderg\u00e4rten und &hellip; <\/p>\n<p class=\"link-more\"><a href=\"https:\/\/www.matek.ee\/de\/about-us\/\" class=\"more-link\">Continue reading<span class=\"screen-reader-text\"> &#8222;\u00dcBER UNS&#8220;<\/span><\/a><\/p>\n","protected":false},"author":3,"featured_media":0,"parent":0,"menu_order":1,"comment_status":"closed","ping_status":"closed","template":"","meta":{"_acf_changed":false,"footnotes":""},"class_list":["post-2692","page","type-page","status-publish","hentry"],"acf":[],"_links":{"self":[{"href":"https:\/\/www.matek.ee\/de\/wp-json\/wp\/v2\/pages\/2692","targetHints":{"allow":["GET"]}}],"collection":[{"href":"https:\/\/www.matek.ee\/de\/wp-json\/wp\/v2\/pages"}],"about":[{"href":"https:\/\/www.matek.ee\/de\/wp-json\/wp\/v2\/types\/page"}],"author":[{"embeddable":true,"href":"https:\/\/www.matek.ee\/de\/wp-json\/wp\/v2\/users\/3"}],"replies":[{"embeddable":true,"href":"https:\/\/www.matek.ee\/de\/wp-json\/wp\/v2\/comments?post=2692"}],"version-history":[{"count":5,"href":"https:\/\/www.matek.ee\/de\/wp-json\/wp\/v2\/pages\/2692\/revisions"}],"predecessor-version":[{"id":4367,"href":"https:\/\/www.matek.ee\/de\/wp-json\/wp\/v2\/pages\/2692\/revisions\/4367"}],"wp:attachment":[{"href":"https:\/\/www.matek.ee\/de\/wp-json\/wp\/v2\/media?parent=2692"}],"curies":[{"name":"wp","href":"https:\/\/api.w.org\/{rel}","templated":true}]}}