{"id":4209,"date":"2024-06-04T16:51:20","date_gmt":"2024-06-04T13:51:20","guid":{"rendered":"https:\/\/www.matek.ee\/renoveerimine\/"},"modified":"2024-11-27T13:43:03","modified_gmt":"2024-11-27T11:43:03","slug":"serielles-sanieren","status":"publish","type":"page","link":"https:\/\/www.matek.ee\/de\/serielles-sanieren\/","title":{"rendered":"SERIELLES SANIEREN"},"content":{"rendered":"<div class=\"wpb-content-wrapper\"><p>[vc_row][vc_column width=&#8220;1\/2&#8243;][vc_column_text css=&#8220;&#8220;]<\/p>\n<h2 style=\"font-weight: 400;\">Industrielle Werksanierung?<\/h2>\n<p style=\"font-weight: 400;\">Was ist serielles Sanieren? Als Serielle Sanierungen werden energetische Geb\u00e4udesanierungen bezeichnet, die mit Hilfe von modular vorgefertigten Elementen durchgef\u00fchrt werden und bei der alle Prozesse standardisiert und digitalisiert werden.<\/p>\n<p style=\"font-weight: 400;\">Die serielle Sanierung ist eine neuartige \u00a0M\u00f6glichkeit, ein Mehrfamilien-Wohnhaus effizient zu sanieren. Das Werk produziert die Au\u00dfenwandelemente und auf Wunsch auch Dachelemente, die bereits W\u00e4rmed\u00e4mmung, Fenster, L\u00fcftungsleitungen und eine fertige Fassade enthalten. Die Wandelemente werden zur Baustelle transportiert und dort am bestehenden Geb\u00e4ude befestigt. Der Unterschied zur \u00fcblichen Vor-Ort-Renovierung besteht vor allem darin, dass s\u00e4mtliche Fassadenarbeiten im Werk durchgef\u00fchrt werden, vor Ort erfolgt lediglich die Montage.<\/p>\n<h2><span lang=\"ET\">Was sind die Vorteile einer Werksanierung<b><\/b><\/span>?<\/h2>\n<ul>\n<li><span lang=\"ET\">Durchdachte und durchprojektierte L\u00f6sungen<\/span><\/li>\n<li><span lang=\"ET\">Die Produktion in einer warmen und trockenen Fabrik unter kontrollierten Bedingungen sorgt f\u00fcr eine bessere Qualit\u00e4t<\/span><\/li>\n<li style=\"font-weight: 400;\">Der hohe Vorfertigungsgrad erm\u00f6glicht einen erheblich reduzierten Montageaufwand vor Ort auf der Baustelle im Vergleich zur herk\u00f6mmlichen Sanierung. Au\u00dferdem kann eine umfassende Sanierung im bewohnten Zustand durchgef\u00fchrt werden!<\/li>\n<li style=\"font-weight: 400;\">Montagearbeiten sind witterungsunabh\u00e4ngig in jeder Jahreszeit m\u00f6glich.<\/li>\n<\/ul>\n<h2 style=\"font-weight: 400;\">Richtiges Sanieren in Etappen<\/h2>\n<ul>\n<li style=\"font-weight: 400;\">Bestandsaufnahme und Vorentwurf Planung<\/li>\n<li style=\"font-weight: 400;\">Projektierung<\/li>\n<li style=\"font-weight: 400;\">Produktion<\/li>\n<li style=\"font-weight: 400;\">Montage<\/li>\n<\/ul>\n<p><img loading=\"lazy\" decoding=\"async\" class=\"aligncenter wp-image-4027 size-full\" src=\"https:\/\/www.matek.ee\/wp-content\/uploads\/2024\/05\/Zeppelin_3-scaled.jpg\" alt=\"\" width=\"2560\" height=\"1707\" srcset=\"https:\/\/www.matek.ee\/wp-content\/uploads\/2024\/05\/Zeppelin_3-scaled.jpg 2560w, https:\/\/www.matek.ee\/wp-content\/uploads\/2024\/05\/Zeppelin_3-300x200.jpg 300w, https:\/\/www.matek.ee\/wp-content\/uploads\/2024\/05\/Zeppelin_3-1500x1000.jpg 1500w, https:\/\/www.matek.ee\/wp-content\/uploads\/2024\/05\/Zeppelin_3-768x512.jpg 768w, https:\/\/www.matek.ee\/wp-content\/uploads\/2024\/05\/Zeppelin_3-1536x1024.jpg 1536w, https:\/\/www.matek.ee\/wp-content\/uploads\/2024\/05\/Zeppelin_3-2048x1365.jpg 2048w\" sizes=\"auto, (max-width: 767px) 89vw, (max-width: 1000px) 54vw, (max-width: 1071px) 543px, 580px\" \/>[\/vc_column_text][\/vc_column][vc_column width=&#8220;1\/2&#8243;][vc_column_text css=&#8220;&#8220;]<\/p>\n<h2 style=\"font-weight: 400;\">Die 3 Hauptbestandteile einer Komplettsanierung<\/h2>\n<ul>\n<li style=\"font-weight: 400;\">Hinterl\u00fcftetes, isoliertes Fassadensystem mit Dachd\u00e4mmung<\/li>\n<li style=\"font-weight: 400;\">Bel\u00fcftung mit W\u00e4rmer\u00fcckgewinnung<\/li>\n<li style=\"font-weight: 400;\">Modernes Heizsystem<\/li>\n<\/ul>\n<h2 style=\"font-weight: 400;\">Was wird im werkseitig gefertigten Fassadenelement verbaut?<\/h2>\n<ul>\n<li style=\"font-weight: 400;\">W\u00e4rmed\u00e4mmung<\/li>\n<li style=\"font-weight: 400;\">Fenster<\/li>\n<li style=\"font-weight: 400;\">L\u00fcftungsleitungen<\/li>\n<li style=\"font-weight: 400;\">Fassadenverkleidung \u2013 Zementfaserplatte, Aluminium-Verbundplatte uvm.<\/li>\n<\/ul>\n<h2 style=\"font-weight: 400;\">MATEKs Erfahrung in der indiustriellen Werksanierung<\/h2>\n<ul>\n<li style=\"font-weight: 400;\">Pilotprojekt in Zusammenarbeit mit der Technischen Universit\u00e4t Tallinn, das erste mit Fabrikelementen renovierte Wohnhaus in Estland mit der Adresse Akadeemia tee 5a Tallinn<\/li>\n<li style=\"font-weight: 400;\">2022 Mateks erstes mit Werkelementen saniertes Mehrfamilienhausprojekt in Deutschland, 2000m2 Fassadenelemente<\/li>\n<li style=\"font-weight: 400;\">2023-2024 12 Mehrfamilienhaussanierungsprojekte in Deutschland, ca. 10.000 m\u00b2 Fassadenelemente<\/li>\n<\/ul>\n<p>&nbsp;<\/p>\n<p style=\"font-weight: 400;\">Sehen Sie auf unserer <span style=\"color: #0000ff;\"><strong><a style=\"color: #0000ff;\" href=\"https:\/\/www.facebook.com\/watch\/?v=1054192331685717\">Facebook-Seite<\/a><\/strong><\/span>, wie die Pilotprojekt Montage mit TU Tallinn verlaufen ist.<\/p>\n<div><strong><span lang=\"ET\" style=\"color: #0000ff;\">Bei weiteren Fragen wenden Sie sich bitte an unseren Renovierungsspezialisten<\/span><\/strong><span style=\"color: #0000ff;\"><strong>\u00a0Kaarel V\u00e4er, Tel +372 5562 3098, email: <span style=\"color: #0000ff;\"><a style=\"color: #0000ff;\" href=\"mailto:kaarel.vaer@matek.ee\">kaarel.vaer@matek.ee<\/a><\/span><\/strong><\/span><\/div>\n<p><span style=\"font-size: 1rem;\"><img loading=\"lazy\" decoding=\"async\" class=\"aligncenter wp-image-4022 size-full\" src=\"https:\/\/www.matek.ee\/wp-content\/uploads\/2024\/05\/Zeppelin_2-scaled.jpg\" alt=\"\" width=\"2560\" height=\"1707\" srcset=\"https:\/\/www.matek.ee\/wp-content\/uploads\/2024\/05\/Zeppelin_2-scaled.jpg 2560w, https:\/\/www.matek.ee\/wp-content\/uploads\/2024\/05\/Zeppelin_2-300x200.jpg 300w, https:\/\/www.matek.ee\/wp-content\/uploads\/2024\/05\/Zeppelin_2-1500x1000.jpg 1500w, https:\/\/www.matek.ee\/wp-content\/uploads\/2024\/05\/Zeppelin_2-768x512.jpg 768w, https:\/\/www.matek.ee\/wp-content\/uploads\/2024\/05\/Zeppelin_2-1536x1024.jpg 1536w, https:\/\/www.matek.ee\/wp-content\/uploads\/2024\/05\/Zeppelin_2-2048x1365.jpg 2048w\" sizes=\"auto, (max-width: 767px) 89vw, (max-width: 1000px) 54vw, (max-width: 1071px) 543px, 580px\" \/><br \/>\n<\/span>[\/vc_column_text][\/vc_column][\/vc_row]<\/p>\n<\/div>","protected":false},"excerpt":{"rendered":"<p>[vc_row][vc_column width=&#8220;1\/2&#8243;][vc_column_text css=&#8220;&#8220;] Industrielle Werksanierung? Was ist serielles Sanieren? Als Serielle Sanierungen werden energetische Geb\u00e4udesanierungen bezeichnet, die mit Hilfe von modular vorgefertigten Elementen durchgef\u00fchrt werden und bei der alle Prozesse standardisiert und digitalisiert werden. Die serielle Sanierung ist eine neuartige \u00a0M\u00f6glichkeit, ein Mehrfamilien-Wohnhaus effizient zu sanieren. Das Werk produziert die Au\u00dfenwandelemente und auf Wunsch auch &hellip; <\/p>\n<p class=\"link-more\"><a href=\"https:\/\/www.matek.ee\/de\/serielles-sanieren\/\" class=\"more-link\">Continue reading<span class=\"screen-reader-text\"> &#8222;SERIELLES SANIEREN&#8220;<\/span><\/a><\/p>\n","protected":false},"author":4,"featured_media":0,"parent":0,"menu_order":3,"comment_status":"closed","ping_status":"closed","template":"","meta":{"_acf_changed":false,"footnotes":""},"class_list":["post-4209","page","type-page","status-publish","hentry"],"acf":[],"_links":{"self":[{"href":"https:\/\/www.matek.ee\/de\/wp-json\/wp\/v2\/pages\/4209","targetHints":{"allow":["GET"]}}],"collection":[{"href":"https:\/\/www.matek.ee\/de\/wp-json\/wp\/v2\/pages"}],"about":[{"href":"https:\/\/www.matek.ee\/de\/wp-json\/wp\/v2\/types\/page"}],"author":[{"embeddable":true,"href":"https:\/\/www.matek.ee\/de\/wp-json\/wp\/v2\/users\/4"}],"replies":[{"embeddable":true,"href":"https:\/\/www.matek.ee\/de\/wp-json\/wp\/v2\/comments?post=4209"}],"version-history":[{"count":5,"href":"https:\/\/www.matek.ee\/de\/wp-json\/wp\/v2\/pages\/4209\/revisions"}],"predecessor-version":[{"id":4216,"href":"https:\/\/www.matek.ee\/de\/wp-json\/wp\/v2\/pages\/4209\/revisions\/4216"}],"wp:attachment":[{"href":"https:\/\/www.matek.ee\/de\/wp-json\/wp\/v2\/media?parent=4209"}],"curies":[{"name":"wp","href":"https:\/\/api.w.org\/{rel}","templated":true}]}}