{"id":235,"date":"2016-12-13T11:36:47","date_gmt":"2016-12-13T11:36:47","guid":{"rendered":"https:\/\/project.dreamo.ee\/matek\/about-company\/"},"modified":"2026-01-09T13:31:10","modified_gmt":"2026-01-09T11:31:10","slug":"ettevottest","status":"publish","type":"page","link":"https:\/\/www.matek.ee\/et\/ettevottest\/","title":{"rendered":"ETTEV\u00d5TTEST"},"content":{"rendered":"<div class=\"wpb-content-wrapper\"><p>[vc_row][vc_column width=&#8221;1\/2&#8243;][vc_column_text css=&#8221;&#8221;]Matek tegeleb kliendi tellimuse p\u00f5hjal valmistatud puitkarkassmajade valmistamisega. Pakume puitkonstruktsioonlahendusi projektidele, kus tavap\u00e4raselt on harjutud kasutama betoon- ning kivikonstruktsioone. Anname puidule lisandv\u00e4\u00e4rtust kasutades kortermajade ja moodulmajade ehitamisel innovaatilisi meetodeid.<\/p>\n<p><strong>Meie peamised tooted on<\/strong><\/p>\n<ul>\n<li>Puitkarkassil tasapinnalised ja ruumilised elemendid<\/li>\n<li>Mitmekordsed korterelamud<\/li>\n<li>Ridaelamud<\/li>\n<li>Lasteaiad ja muud avalikud hooned<\/li>\n<li>Elamupiirkondade arendused<\/li>\n<\/ul>\n<p>Matek ekspordib 95% oma toodangust. Meie peamine sihtturg on Skandinaavia maad, kuid Mateki maju leidub ka Saksamaal, \u0160veitsis, Itaalias ja mujal.<\/p>\n<h2>Kvaliteet<\/h2>\n<p>Sertifikaadid<br \/>\n<a href=\"https:\/\/www.matek.ee\/wp-content\/uploads\/2025\/10\/0809-CPR-1164-AS-Matek-25.4.2023-2.pdf\" target=\"_blank\" rel=\"noopener\"><img loading=\"lazy\" decoding=\"async\" class=\"alignnone\" src=\"https:\/\/www.matek.ee\/wp-content\/themes\/matek\/assets\/images\/cert-logo-blue.png\" alt=\"\" width=\"140\" height=\"82\" \/><\/a> <a href=\"https:\/\/www.matek.ee\/wp-content\/uploads\/2025\/10\/UZ-HTU1-2025-1_Matek_EE_20250725_mm.pdf\" target=\"_blank\" rel=\"noopener\"><img loading=\"lazy\" decoding=\"async\" class=\"bmf-cert-img alignnone\" src=\"https:\/\/www.matek.ee\/wp-content\/uploads\/2024\/01\/Screenshot-2024-01-18-at-14.41.37.png\" alt=\"\" width=\"1074\" height=\"1476\" \/><\/a>\u00a0<img decoding=\"async\" src=\"https:\/\/www.matek.ee\/wp-content\/themes\/matek\/assets\/images\/kaubanduskoda_ENG.png\" alt=\"\" \/> <img decoding=\"async\" src=\"https:\/\/www.matek.ee\/wp-content\/themes\/matek\/assets\/images\/puitmajaliit_ENG.png\" alt=\"\" \/><a href=\"https:\/\/www.matek.ee\/wp-content\/uploads\/2025\/10\/ISO-V2-ENG_merged.pdf\" target=\"_blank\" rel=\"noopener\"><img loading=\"lazy\" decoding=\"async\" class=\"alignleft size-medium wp-image-4353\" src=\"https:\/\/www.matek.ee\/wp-content\/uploads\/2026\/01\/iso-sert-300x108.png\" alt=\"\" width=\"300\" height=\"108\" srcset=\"https:\/\/www.matek.ee\/wp-content\/uploads\/2026\/01\/iso-sert-300x108.png 300w, https:\/\/www.matek.ee\/wp-content\/uploads\/2026\/01\/iso-sert.png 600w\" sizes=\"auto, (max-width: 300px) 100vw, 300px\" \/><\/a><\/p>\n<h2>VISIOON<\/h2>\n<p style=\"font-weight: 400;\">Pakkuda traditsioonilistel materjalidel p\u00f5hinevaid j\u00e4tkusuutlikke, keskkonnas\u00f5bralikke ning \u00a0innovaatilisi ja kasulikke ehituse t\u00e4islahendusi. Olla oma ala parimad.<\/p>\n<h2>MISSIOON<\/h2>\n<p style=\"font-weight: 400;\">Pakkuda klientidele nende vajadustele ja ootustele vastavalt ainsa looduslikult taastuva loodusvara \u2013 puidu &#8211; v\u00e4\u00e4rindamisel valmistatud tooteid, mis t\u00e4iustavad elu- ja t\u00f6\u00f6keskkonda ning pakuvad v\u00f5imalikult s\u00e4\u00e4stlikult mugavust.<\/p>\n<p style=\"font-weight: 400;\">S\u00e4ilitada ettev\u00f5tte hea maine ja panustada selle j\u00e4tkusuutlikusse l\u00e4bi kliendirahulolu tagamise ning oma t\u00f6\u00f6tajatele stabiilse, tervisliku ja h\u00e4sti tasustatud t\u00f6\u00f6keskkonna loomise ja arenguv\u00f5imaluste pakkumise.<\/p>\n<p style=\"font-weight: 400;\">Aidata kaasa keskkonna kaitsele ja kliimaeesm\u00e4rkide saavutamisele.<\/p>\n<h2>V\u00c4\u00c4RTUSED<\/h2>\n<p><strong>Teeme h\u00e4sti<br \/>\n<\/strong>Olles professionaalid ning tundes oma toodet, oskame kliendile pakkuda parimaid keskkonnahoidlikke lahendusi. Tehes asju korrektselt, t\u00e4idame koost\u00f6\u00f6partnerite ootusi ning rohkemgi veel. Kasutame s\u00e4\u00e4stlikult puitu ja teisi ressursse.<\/p>\n<p><strong>Leiame lahendusi<br \/>\n<\/strong>Igal sammul kerkib meie teele erinevaid probleeme. Matekis teame, et probleemi igak\u00fclgsest avamisest veel parem on selle lahendamine. Meile on auk\u00fcsimus, et kliendi mured saavad lahendatud.<\/p>\n<p><strong>Koos oleme tugevad<br \/>\n<\/strong><span style=\"font-size: 1rem;\">Usume, et t\u00f6\u00f6alaselt \u00fcksteise tugevusi ja erip\u00e4rasid arvestades, \u00fcksteist toetades ning p\u00fchendunult oma funktsiooni t\u00e4ites j\u00f5uame \u00fcheskoos kaugemale kui iga\u00fcks omaette toimetades.<\/span><\/p>\n<p><strong>Ausus \u00fclek\u00f5ige<br \/>\n<\/strong><em>L<\/em>ubame t\u00e4pselt nii palju v\u00f5i natukene v\u00e4hem kui see, mida tegelikult teeme ja suudame. Oleme seaduskuulekad, j\u00e4rgime ettev\u00f5ttele kohalduvaid seadusandlikke ja muid kohustuseks v\u00f5etud n\u00f5udeid.<\/p>\n<p><strong>M\u00f5tleme homsele<br \/>\n<\/strong>Arendame on teenust, toodet ja organisatsiooni\u00a0 ning pakume v\u00e4lja uusi, nutikaid, keskkonnas\u00f5bralikke ja edumeelseid, eriti puitu v\u00e4\u00e4rindavaid, \u00a0lahendusi.[\/vc_column_text][\/vc_column][vc_column width=&#8221;1\/4&#8243;][vc_single_image image=&#8221;1325&#8243; img_size=&#8221;large&#8221;][vc_single_image image=&#8221;1322&#8243; img_size=&#8221;large&#8221;][\/vc_column][vc_column width=&#8221;1\/4&#8243;][vc_single_image image=&#8221;1322&#8243; img_size=&#8221;large&#8221;][vc_single_image image=&#8221;1325&#8243; img_size=&#8221;large&#8221;][\/vc_column][\/vc_row]<\/p>\n<\/div>","protected":false},"excerpt":{"rendered":"<p>[vc_row][vc_column width=&#8221;1\/2&#8243;][vc_column_text css=&#8221;&#8221;]Matek tegeleb kliendi tellimuse p\u00f5hjal valmistatud puitkarkassmajade valmistamisega. Pakume puitkonstruktsioonlahendusi projektidele, kus tavap\u00e4raselt on harjutud kasutama betoon- ning kivikonstruktsioone. Anname puidule lisandv\u00e4\u00e4rtust kasutades kortermajade ja moodulmajade ehitamisel innovaatilisi meetodeid. Meie peamised tooted on Puitkarkassil tasapinnalised ja ruumilised elemendid Mitmekordsed korterelamud Ridaelamud Lasteaiad ja muud avalikud hooned Elamupiirkondade arendused Matek ekspordib 95% oma toodangust. &hellip; <\/p>\n<p class=\"link-more\"><a href=\"https:\/\/www.matek.ee\/et\/ettevottest\/\" class=\"more-link\">Continue reading<span class=\"screen-reader-text\"> &#8220;ETTEV\u00d5TTEST&#8221;<\/span><\/a><\/p>\n","protected":false},"author":3,"featured_media":0,"parent":0,"menu_order":1,"comment_status":"closed","ping_status":"closed","template":"","meta":{"_acf_changed":false,"footnotes":""},"class_list":["post-235","page","type-page","status-publish","hentry"],"acf":[],"_links":{"self":[{"href":"https:\/\/www.matek.ee\/et\/wp-json\/wp\/v2\/pages\/235","targetHints":{"allow":["GET"]}}],"collection":[{"href":"https:\/\/www.matek.ee\/et\/wp-json\/wp\/v2\/pages"}],"about":[{"href":"https:\/\/www.matek.ee\/et\/wp-json\/wp\/v2\/types\/page"}],"author":[{"embeddable":true,"href":"https:\/\/www.matek.ee\/et\/wp-json\/wp\/v2\/users\/3"}],"replies":[{"embeddable":true,"href":"https:\/\/www.matek.ee\/et\/wp-json\/wp\/v2\/comments?post=235"}],"version-history":[{"count":5,"href":"https:\/\/www.matek.ee\/et\/wp-json\/wp\/v2\/pages\/235\/revisions"}],"predecessor-version":[{"id":4361,"href":"https:\/\/www.matek.ee\/et\/wp-json\/wp\/v2\/pages\/235\/revisions\/4361"}],"wp:attachment":[{"href":"https:\/\/www.matek.ee\/et\/wp-json\/wp\/v2\/media?parent=235"}],"curies":[{"name":"wp","href":"https:\/\/api.w.org\/{rel}","templated":true}]}}