{"id":236,"date":"2017-07-03T09:20:03","date_gmt":"2017-07-03T09:20:03","guid":{"rendered":"https:\/\/project.dreamo.ee\/matek\/about-company\/corporate-social-responsibilty\/"},"modified":"2017-09-13T12:34:41","modified_gmt":"2017-09-13T12:34:41","slug":"corporate-social-responsibilty","status":"publish","type":"page","link":"https:\/\/www.matek.ee\/et\/ettevottest\/corporate-social-responsibilty\/","title":{"rendered":"\u00dchiskondlik vastutus"},"content":{"rendered":"<div class=\"wpb-content-wrapper\"><p>[vc_row][vc_column width=&#8221;1\/2&#8243;][vc_column_text]Koost\u00f6\u00f6s P\u00e4rnumaa Kutsehariduskeskusega p\u00fc\u00fcame pidevalt arendada tulevaste puuseppade ja ehitust\u00f6\u00f6liste oskusi panustades nende \u00f5ppekava arendamisse ning pakkudes praktikakohti meie ettev\u00f5ttes. Matek annab oma panuse ka Eesti Puitmajaliidu t\u00f6\u00f6sse ning on aktiivne Eesti Kaubandus-T\u00f6\u00f6stuskoja juhatuse t\u00f6\u00f6s.<\/p>\n<p>Soovime ka omalt poolt \u00fchiskonnale tagasi anda ning teame noorte talentide m\u00e4rkamise t\u00e4htsust erinevatel elualadel. Viimase k\u00fcmne aasta jooksul on Matek panustanud Eesti purjespordi toetamisse.<\/p>\n<p>&nbsp;<\/p>\n<p>Hetkel toetame :<\/p>\n<p><a href=\"https:\/\/www.facebook.com\/kmrammo\/\">Karl-Martin Rammo<\/a><\/p>\n<p><a href=\"http:\/\/www.puri.ee\/\">Eesti Jahtklubide Liit<\/a><\/p>\n<p><a href=\"http:\/\/www.tjk.ee\/\">Tallinna Jahtklubi<\/a>[\/vc_column_text][\/vc_column][vc_column width=&#8221;1\/2&#8243;][vc_row_inner][vc_column_inner width=&#8221;1\/3&#8243;][vc_column_text]<img loading=\"lazy\" decoding=\"async\" class=\"size-medium wp-image-487 alignright\" src=\"https:\/\/www.matek.ee\/wp-content\/uploads\/2017\/07\/karl_martin_rammo-300x200.jpg\" alt=\"\" width=\"300\" height=\"200\" srcset=\"https:\/\/www.matek.ee\/wp-content\/uploads\/2017\/07\/karl_martin_rammo-300x200.jpg 300w, https:\/\/www.matek.ee\/wp-content\/uploads\/2017\/07\/karl_martin_rammo-1500x1000.jpg 1500w, https:\/\/www.matek.ee\/wp-content\/uploads\/2017\/07\/karl_martin_rammo-768x512.jpg 768w, https:\/\/www.matek.ee\/wp-content\/uploads\/2017\/07\/karl_martin_rammo-1536x1024.jpg 1536w, https:\/\/www.matek.ee\/wp-content\/uploads\/2017\/07\/karl_martin_rammo.jpg 2048w\" sizes=\"auto, (max-width: 300px) 100vw, 300px\" \/>[\/vc_column_text][\/vc_column_inner][vc_column_inner width=&#8221;1\/3&#8243;][vc_column_text]<img loading=\"lazy\" decoding=\"async\" class=\"size-medium wp-image-491 alignright\" src=\"https:\/\/www.matek.ee\/wp-content\/uploads\/2017\/07\/kutseharidus_voistlus_3-300x200.jpg\" alt=\"\" width=\"300\" height=\"200\" srcset=\"https:\/\/www.matek.ee\/wp-content\/uploads\/2017\/07\/kutseharidus_voistlus_3-300x200.jpg 300w, https:\/\/www.matek.ee\/wp-content\/uploads\/2017\/07\/kutseharidus_voistlus_3-1500x1000.jpg 1500w, https:\/\/www.matek.ee\/wp-content\/uploads\/2017\/07\/kutseharidus_voistlus_3-768x512.jpg 768w, https:\/\/www.matek.ee\/wp-content\/uploads\/2017\/07\/kutseharidus_voistlus_3-1536x1024.jpg 1536w, https:\/\/www.matek.ee\/wp-content\/uploads\/2017\/07\/kutseharidus_voistlus_3.jpg 2048w\" sizes=\"auto, (max-width: 300px) 100vw, 300px\" \/>[\/vc_column_text][\/vc_column_inner][vc_column_inner width=&#8221;1\/3&#8243;][vc_column_text]<img loading=\"lazy\" decoding=\"async\" class=\"size-medium wp-image-483 alignright\" src=\"https:\/\/www.matek.ee\/wp-content\/uploads\/2017\/07\/15894635_1166862430101078_7543407615723273227_n-286x300.jpg\" alt=\"\" width=\"286\" height=\"300\" srcset=\"https:\/\/www.matek.ee\/wp-content\/uploads\/2017\/07\/15894635_1166862430101078_7543407615723273227_n-286x300.jpg 286w, https:\/\/www.matek.ee\/wp-content\/uploads\/2017\/07\/15894635_1166862430101078_7543407615723273227_n-768x807.jpg 768w, https:\/\/www.matek.ee\/wp-content\/uploads\/2017\/07\/15894635_1166862430101078_7543407615723273227_n.jpg 914w\" sizes=\"auto, (max-width: 286px) 100vw, 286px\" \/>[\/vc_column_text][\/vc_column_inner][\/vc_row_inner][vc_row_inner][vc_column_inner width=&#8221;1\/3&#8243;][vc_column_text]<img loading=\"lazy\" decoding=\"async\" class=\"size-medium wp-image-485 alignright\" src=\"https:\/\/www.matek.ee\/wp-content\/uploads\/2017\/07\/jahtklubi-vapp-289x300.jpg\" alt=\"\" width=\"289\" height=\"300\" srcset=\"https:\/\/www.matek.ee\/wp-content\/uploads\/2017\/07\/jahtklubi-vapp-289x300.jpg 289w, https:\/\/www.matek.ee\/wp-content\/uploads\/2017\/07\/jahtklubi-vapp.jpg 673w\" sizes=\"auto, (max-width: 289px) 100vw, 289px\" \/>[\/vc_column_text][\/vc_column_inner][vc_column_inner width=&#8221;1\/3&#8243;][vc_column_text]<img loading=\"lazy\" decoding=\"async\" class=\"size-medium wp-image-486 alignright\" src=\"https:\/\/www.matek.ee\/wp-content\/uploads\/2017\/07\/EJL-logo-pildina-300x277.jpg\" alt=\"\" width=\"300\" height=\"277\" srcset=\"https:\/\/www.matek.ee\/wp-content\/uploads\/2017\/07\/EJL-logo-pildina-300x277.jpg 300w, https:\/\/www.matek.ee\/wp-content\/uploads\/2017\/07\/EJL-logo-pildina-768x708.jpg 768w, https:\/\/www.matek.ee\/wp-content\/uploads\/2017\/07\/EJL-logo-pildina.jpg 1015w\" sizes=\"auto, (max-width: 300px) 100vw, 300px\" \/>[\/vc_column_text][\/vc_column_inner][vc_column_inner width=&#8221;1\/3&#8243;][vc_column_text]<img loading=\"lazy\" decoding=\"async\" class=\"size-medium wp-image-495 alignright\" src=\"https:\/\/www.matek.ee\/wp-content\/uploads\/2017\/07\/kutseharidus_voistlus_2-200x300.jpg\" alt=\"\" width=\"200\" height=\"300\" srcset=\"https:\/\/www.matek.ee\/wp-content\/uploads\/2017\/07\/kutseharidus_voistlus_2-200x300.jpg 200w, https:\/\/www.matek.ee\/wp-content\/uploads\/2017\/07\/kutseharidus_voistlus_2-1000x1500.jpg 1000w, https:\/\/www.matek.ee\/wp-content\/uploads\/2017\/07\/kutseharidus_voistlus_2-768x1152.jpg 768w, https:\/\/www.matek.ee\/wp-content\/uploads\/2017\/07\/kutseharidus_voistlus_2-1024x1536.jpg 1024w, https:\/\/www.matek.ee\/wp-content\/uploads\/2017\/07\/kutseharidus_voistlus_2.jpg 1365w\" sizes=\"auto, (max-width: 200px) 100vw, 200px\" \/>[\/vc_column_text][\/vc_column_inner][\/vc_row_inner][\/vc_column][\/vc_row]<\/p>\n<\/div>","protected":false},"excerpt":{"rendered":"<p>[vc_row][vc_column width=&#8221;1\/2&#8243;][vc_column_text]Koost\u00f6\u00f6s P\u00e4rnumaa Kutsehariduskeskusega p\u00fc\u00fcame pidevalt arendada tulevaste puuseppade ja ehitust\u00f6\u00f6liste oskusi panustades nende \u00f5ppekava arendamisse ning pakkudes praktikakohti meie ettev\u00f5ttes. Matek annab oma panuse ka Eesti Puitmajaliidu t\u00f6\u00f6sse ning on aktiivne Eesti Kaubandus-T\u00f6\u00f6stuskoja juhatuse t\u00f6\u00f6s. Soovime ka omalt poolt \u00fchiskonnale tagasi anda ning teame noorte talentide m\u00e4rkamise t\u00e4htsust erinevatel elualadel. Viimase k\u00fcmne aasta jooksul &hellip; <\/p>\n<p class=\"link-more\"><a href=\"https:\/\/www.matek.ee\/et\/ettevottest\/corporate-social-responsibilty\/\" class=\"more-link\">Continue reading<span class=\"screen-reader-text\"> &#8220;\u00dchiskondlik vastutus&#8221;<\/span><\/a><\/p>\n","protected":false},"author":3,"featured_media":0,"parent":235,"menu_order":0,"comment_status":"closed","ping_status":"closed","template":"","meta":{"_acf_changed":false,"footnotes":""},"class_list":["post-236","page","type-page","status-publish","hentry"],"acf":[],"_links":{"self":[{"href":"https:\/\/www.matek.ee\/et\/wp-json\/wp\/v2\/pages\/236","targetHints":{"allow":["GET"]}}],"collection":[{"href":"https:\/\/www.matek.ee\/et\/wp-json\/wp\/v2\/pages"}],"about":[{"href":"https:\/\/www.matek.ee\/et\/wp-json\/wp\/v2\/types\/page"}],"author":[{"embeddable":true,"href":"https:\/\/www.matek.ee\/et\/wp-json\/wp\/v2\/users\/3"}],"replies":[{"embeddable":true,"href":"https:\/\/www.matek.ee\/et\/wp-json\/wp\/v2\/comments?post=236"}],"version-history":[{"count":0,"href":"https:\/\/www.matek.ee\/et\/wp-json\/wp\/v2\/pages\/236\/revisions"}],"up":[{"embeddable":true,"href":"https:\/\/www.matek.ee\/et\/wp-json\/wp\/v2\/pages\/235"}],"wp:attachment":[{"href":"https:\/\/www.matek.ee\/et\/wp-json\/wp\/v2\/media?parent=236"}],"curies":[{"name":"wp","href":"https:\/\/api.w.org\/{rel}","templated":true}]}}