{"id":4084,"date":"2024-06-04T16:51:20","date_gmt":"2024-06-04T13:51:20","guid":{"rendered":"https:\/\/www.matek.ee\/?page_id=4084"},"modified":"2025-07-29T15:47:13","modified_gmt":"2025-07-29T12:47:13","slug":"renoveerimine","status":"publish","type":"page","link":"https:\/\/www.matek.ee\/et\/renoveerimine\/","title":{"rendered":"RENOVEERIMINE"},"content":{"rendered":"<div class=\"wpb-content-wrapper\"><p>[vc_row][vc_column width=&#8221;1\/2&#8243;][vc_column_text css=&#8221;&#8221;]<\/p>\n<h2>Mis on tehaseline rekonstrueerimine?<\/h2>\n<p style=\"font-weight: 400;\">Tehaseline rekonstrueerimine on uudne viis kortermaja renoveerimiseks. Tehases toodetakse v\u00e4lisseinaelemendid \u00a0ja soovi korral ka katuse elemendid, mis sisaldavad juba soojustust, aknaid, ventilatsioonitorustikku ning l\u00f5ppviimistlusega fassaadi. Paneelid transporditakse objektile, kus need kinnitatakse olemasolev hoone k\u00fclge. Vahe tavap\u00e4rase platsirenoveerimisega seisneb peamiselt sellest, et kogu fassaadit\u00f6\u00f6d tehases, platsil toimub ainult monteerimine.<\/p>\n<h2>Tehaselise renoveerimise eelised?<\/h2>\n<ul>\n<li>L\u00e4bim\u00f5eldud ja projekteeritud lahendused<\/li>\n<li>Tootmine soojas ja kuivas tehases kontrollitud tingimustes tagab parema kvaliteedi<\/li>\n<li>Ehitust\u00f6\u00f6de kiirus objektil<\/li>\n<li>Teostatav aastaringselt s\u00f5ltumata ilmast<\/li>\n<\/ul>\n<h2>Renoveerimisteekonna etapid<\/h2>\n<ul>\n<li>Olemasolev olukorra kaardistamine ja eelprojekt<\/li>\n<li>Hankemenetlus<\/li>\n<li>Projekteerimine<\/li>\n<li>Tootmine<\/li>\n<li>Paigaldus<\/li>\n<\/ul>\n<p>Vaata <span style=\"color: #0000ff;\"><strong><a style=\"color: #0000ff;\" href=\"https:\/\/kredex.ee\/et\/tehaseline-rekonstrueerimine\">Kredexi kodulehte<\/a><\/strong><\/span> tehaselise renoveerimise ja toetusmeetmete kohta.<\/p>\n<p><img loading=\"lazy\" decoding=\"async\" class=\"aligncenter wp-image-4027 size-full\" src=\"https:\/\/www.matek.ee\/wp-content\/uploads\/2024\/05\/Zeppelin_3-scaled.jpg\" alt=\"\" width=\"2560\" height=\"1707\" srcset=\"https:\/\/www.matek.ee\/wp-content\/uploads\/2024\/05\/Zeppelin_3-scaled.jpg 2560w, https:\/\/www.matek.ee\/wp-content\/uploads\/2024\/05\/Zeppelin_3-300x200.jpg 300w, https:\/\/www.matek.ee\/wp-content\/uploads\/2024\/05\/Zeppelin_3-1500x1000.jpg 1500w, https:\/\/www.matek.ee\/wp-content\/uploads\/2024\/05\/Zeppelin_3-768x512.jpg 768w, https:\/\/www.matek.ee\/wp-content\/uploads\/2024\/05\/Zeppelin_3-1536x1024.jpg 1536w, https:\/\/www.matek.ee\/wp-content\/uploads\/2024\/05\/Zeppelin_3-2048x1365.jpg 2048w\" sizes=\"auto, (max-width: 767px) 89vw, (max-width: 1000px) 54vw, (max-width: 1071px) 543px, 580px\" \/>[\/vc_column_text][\/vc_column][vc_column width=&#8221;1\/2&#8243;][vc_column_text css=&#8221;&#8221;]<\/p>\n<h2 style=\"font-weight: 400;\">Tervikrenoveerimise 3 p\u00f5hilist osa<\/h2>\n<ul>\n<li>Ventileeritav soojustatud fassaadis\u00fcsteem koos katuse soojustusega<\/li>\n<li>Soojustagastusega ventilatsioon<\/li>\n<li>Kaasaegne k\u00fcttes\u00fcsteem<\/li>\n<\/ul>\n<h2 style=\"font-weight: 400;\">Mis on tehases toodetud fassaadielemendis paigaldatud?<\/h2>\n<ul>\n<li>Soojustus<\/li>\n<li>Aknad<\/li>\n<li>Ventilatsioonitorustik<\/li>\n<li>Fassaadiviimistlus \u2013 tsementkiudplaat, alumiiniumkomposiitplaat vms<\/li>\n<\/ul>\n<h2>MATEKi kogemus tehaselisel renoveerimisel<\/h2>\n<ul>\n<li>Pilootprojekt koost\u00f6\u00f6s Tallinna Tehnika\u00fclikooliga, esimene Eestis tehaseliste elementidega renoveeritud kortermaja aadressiga Akadeemia tee 5a Tallinn<\/li>\n<li>2022 Mateki esimene tehaseliste elementidega renoveeritud kortermaja projekt Saksamaal, <span lang=\"ET\" style=\"font-size: 1rem;\">2000m<\/span><sup><span lang=\"ET\">2 <\/span><\/sup><span style=\"font-size: 1rem;\">fassaadielementi<\/span><\/li>\n<li>2023-2024 12 kortermaja renoveerimisprojekti Saksamaal, ca 10 000<span lang=\"ET\" style=\"font-size: 1rem;\">m<\/span><sup><span lang=\"ET\">2 <\/span><\/sup><span style=\"font-size: 1rem;\">fassaadielementi<\/span><\/li>\n<\/ul>\n<p>Vaata <span style=\"color: #0000ff;\"><strong><a style=\"color: #0000ff;\" href=\"https:\/\/www.facebook.com\/MatekModules\/videos\/1054192331685717\">meie Facebooki lehelt<\/a><\/strong><\/span>, kuidas Akadeemia tee montaa\u017e k\u00e4is.<\/p>\n<p><span style=\"color: #0000ff;\"><strong>Lisak\u00fcsimuste puhul v\u00f5tke \u00fchendust \u00a0emaili teel: matek@matek.ee<\/strong><\/span><\/p>\n<p><span style=\"font-size: 1rem;\"><img loading=\"lazy\" decoding=\"async\" class=\"aligncenter wp-image-4022 size-full\" src=\"https:\/\/www.matek.ee\/wp-content\/uploads\/2024\/05\/Zeppelin_2-scaled.jpg\" alt=\"\" width=\"2560\" height=\"1707\" srcset=\"https:\/\/www.matek.ee\/wp-content\/uploads\/2024\/05\/Zeppelin_2-scaled.jpg 2560w, https:\/\/www.matek.ee\/wp-content\/uploads\/2024\/05\/Zeppelin_2-300x200.jpg 300w, https:\/\/www.matek.ee\/wp-content\/uploads\/2024\/05\/Zeppelin_2-1500x1000.jpg 1500w, https:\/\/www.matek.ee\/wp-content\/uploads\/2024\/05\/Zeppelin_2-768x512.jpg 768w, https:\/\/www.matek.ee\/wp-content\/uploads\/2024\/05\/Zeppelin_2-1536x1024.jpg 1536w, https:\/\/www.matek.ee\/wp-content\/uploads\/2024\/05\/Zeppelin_2-2048x1365.jpg 2048w\" sizes=\"auto, (max-width: 767px) 89vw, (max-width: 1000px) 54vw, (max-width: 1071px) 543px, 580px\" \/><br \/>\n<\/span>[\/vc_column_text][\/vc_column][\/vc_row]<\/p>\n<\/div>","protected":false},"excerpt":{"rendered":"<p>[vc_row][vc_column width=&#8221;1\/2&#8243;][vc_column_text css=&#8221;&#8221;] Mis on tehaseline rekonstrueerimine? Tehaseline rekonstrueerimine on uudne viis kortermaja renoveerimiseks. Tehases toodetakse v\u00e4lisseinaelemendid \u00a0ja soovi korral ka katuse elemendid, mis sisaldavad juba soojustust, aknaid, ventilatsioonitorustikku ning l\u00f5ppviimistlusega fassaadi. Paneelid transporditakse objektile, kus need kinnitatakse olemasolev hoone k\u00fclge. Vahe tavap\u00e4rase platsirenoveerimisega seisneb peamiselt sellest, et kogu fassaadit\u00f6\u00f6d tehases, platsil toimub ainult monteerimine. &hellip; <\/p>\n<p class=\"link-more\"><a href=\"https:\/\/www.matek.ee\/et\/renoveerimine\/\" class=\"more-link\">Continue reading<span class=\"screen-reader-text\"> &#8220;RENOVEERIMINE&#8221;<\/span><\/a><\/p>\n","protected":false},"author":4,"featured_media":0,"parent":0,"menu_order":3,"comment_status":"closed","ping_status":"closed","template":"","meta":{"_acf_changed":false,"footnotes":""},"class_list":["post-4084","page","type-page","status-publish","hentry"],"acf":[],"_links":{"self":[{"href":"https:\/\/www.matek.ee\/et\/wp-json\/wp\/v2\/pages\/4084","targetHints":{"allow":["GET"]}}],"collection":[{"href":"https:\/\/www.matek.ee\/et\/wp-json\/wp\/v2\/pages"}],"about":[{"href":"https:\/\/www.matek.ee\/et\/wp-json\/wp\/v2\/types\/page"}],"author":[{"embeddable":true,"href":"https:\/\/www.matek.ee\/et\/wp-json\/wp\/v2\/users\/4"}],"replies":[{"embeddable":true,"href":"https:\/\/www.matek.ee\/et\/wp-json\/wp\/v2\/comments?post=4084"}],"version-history":[{"count":2,"href":"https:\/\/www.matek.ee\/et\/wp-json\/wp\/v2\/pages\/4084\/revisions"}],"predecessor-version":[{"id":4277,"href":"https:\/\/www.matek.ee\/et\/wp-json\/wp\/v2\/pages\/4084\/revisions\/4277"}],"wp:attachment":[{"href":"https:\/\/www.matek.ee\/et\/wp-json\/wp\/v2\/media?parent=4084"}],"curies":[{"name":"wp","href":"https:\/\/api.w.org\/{rel}","templated":true}]}}