{"id":844,"date":"2016-12-13T11:36:47","date_gmt":"2016-12-13T11:36:47","guid":{"rendered":"https:\/\/www.matek.ee\/ettevottest\/"},"modified":"2026-01-09T13:31:37","modified_gmt":"2026-01-09T11:31:37","slug":"om-foretaket","status":"publish","type":"page","link":"https:\/\/www.matek.ee\/nb\/om-foretaket\/","title":{"rendered":"OM FORETAKET"},"content":{"rendered":"<div class=\"wpb-content-wrapper\"><p>[vc_row][vc_column width=&raquo;1\/2&#8243;][vc_column_text css=&raquo;&raquo;]Mateks virksomhet er produksjon av hus med trekonstruksjon i henhold til kundens bestilling.Vi tilbyr trekonstruksjonsl\u00f8sninger for prosjekter der man tradisjonelt er vant til \u00e5 benytte betong-eller murkonstruksjoner. Vi gir trevirket en merverdi ved \u00e5 bygge leilighetskomplekser og modulhus ved hjelp av innovative metoder.<\/p>\n<p><strong>V\u00e5re viktigste produkter er\u00a0<\/strong><\/p>\n<ul>\n<li>Flatelementer og romelementer med trekonstruksjon<\/li>\n<li>Fleretasjes leilighetsbygg<\/li>\n<li>Rekkehus<\/li>\n<li>Barnehager og andre offentlige bygg<\/li>\n<li>Utvikling av boligomr\u00e5der<\/li>\n<\/ul>\n<p>Matek eksporterer 95% av sin produksjon. V\u00e5rt viktigste m\u00e5lmarked er de skandinaviske landene, men Matek-hus finnes ogs\u00e5 i Tyskland, Sveits, Italia og andre steder.<\/p>\n<h2>Kvalitet<\/h2>\n<p>Sertifikater<br \/>\n<a href=\"https:\/\/www.matek.ee\/wp-content\/uploads\/2025\/10\/0809-CPR-1164-AS-Matek-25.4.2023-2.pdf\" target=\"_blank\" rel=\"noopener\"><img loading=\"lazy\" decoding=\"async\" class=\"alignnone\" src=\"https:\/\/www.matek.ee\/wp-content\/themes\/matek\/assets\/images\/cert-logo-blue.png\" alt=\"\" width=\"140\" height=\"82\" \/><\/a>\u00a0<a href=\"https:\/\/www.matek.ee\/wp-content\/uploads\/2025\/10\/UZ-HTU1-2025-1_Matek_EE_20250725_mm.pdf\" target=\"_blank\" rel=\"noopener\"><img loading=\"lazy\" decoding=\"async\" class=\"bmf-cert-img alignnone\" src=\"https:\/\/www.matek.ee\/wp-content\/uploads\/2024\/01\/Screenshot-2024-01-18-at-14.41.37.png\" alt=\"\" width=\"1074\" height=\"1476\" \/><\/a> <img decoding=\"async\" src=\"https:\/\/www.matek.ee\/wp-content\/themes\/matek\/assets\/images\/kaubanduskoda_ENG.png\" alt=\"\" \/> <img decoding=\"async\" src=\"https:\/\/www.matek.ee\/wp-content\/themes\/matek\/assets\/images\/puitmajaliit_ENG.png\" alt=\"\" \/><a href=\"https:\/\/www.matek.ee\/wp-content\/uploads\/2025\/10\/ISO-V2-ENG_merged.pdf\" target=\"_blank\" rel=\"noopener\"><img loading=\"lazy\" decoding=\"async\" class=\"alignleft size-medium wp-image-4353\" src=\"https:\/\/www.matek.ee\/wp-content\/uploads\/2026\/01\/iso-sert-300x108.png\" alt=\"\" width=\"300\" height=\"108\" srcset=\"https:\/\/www.matek.ee\/wp-content\/uploads\/2026\/01\/iso-sert-300x108.png 300w, https:\/\/www.matek.ee\/wp-content\/uploads\/2026\/01\/iso-sert.png 600w\" sizes=\"auto, (max-width: 300px) 100vw, 300px\" \/><\/a><\/p>\n<h2>VISJON<\/h2>\n<p>Tilby innovative og nyttige totall\u00f8sninger for bygg basert p\u00e5 tradisjonelle materialer. V\u00e6re best p\u00e5 v\u00e5rt felt.<\/p>\n<h2>MISJON<\/h2>\n<p>Tilby kundene produkter av \u00f8kologisk rene materialer i samsvar med deres behov og forventninger, som beriker bo-og arbeidsmilj\u00f8et og skaper komfort p\u00e5 en s\u00e5 \u00f8konomisk m\u00e5te som mulig.<\/p>\n<p>Opprettholde foretakets gode renomm\u00e9 og bidra til dets b\u00e6rekraft gjennom \u00e5 sikre forn\u00f8yde kunder og tilby sine ansatte et stabilt og godt betalt milj\u00f8 med muligheter for utvikling.<\/p>\n<h2>VERDIER<\/h2>\n<p><strong>Vi gj\u00f8r en god jobb<\/strong><\/p>\n<p>Som profesjonelle som kjenner v\u00e5rt produkt er vi i stand til \u00e5 tilby kunden de beste l\u00f8sningene. Ved \u00e5 gj\u00f8re ting riktig oppfyller vi samarbeidspartneres forventninger- og overg\u00e5r dem\u00a0.<\/p>\n<p><strong>Vi finner l\u00f8sninger<br \/>\n<\/strong>For hvert steg p\u00e5 veien st\u00f8ter vi p\u00e5 ulike problemer. I Matek vet vi at enda bedre enn en allsidig avdekking av problemer er \u00e5 l\u00f8se dem. For oss er det en \u00e6ressak at kundenes bekymringer finner en l\u00f8sning.<\/p>\n<p><strong>Sammen er vi sterke<br \/>\n<\/strong><span style=\"font-size: 1rem;\">Vi tror at ved\u00a0<\/span>\u00e5 ta hensyn til v\u00e5re profesjonelle styrker og spesialiteter, st\u00f8tte hverandre og fylle v\u00e5r funksjon med iver kommer vi sammen lengre enn den enkelte hver for seg<span style=\"font-size: 1rem;\">.<\/span><\/p>\n<p><strong>\u00c6rlighet framfor alt<\/strong><\/p>\n<p>Vi lover akkurat s\u00e5 mye eller litt mindre enn det vi faktisk gj\u00f8r og makter.<\/p>\n<p><strong>Vi tenker p\u00e5 morgendagen<\/strong><\/p>\n<p>Vi utvikler v\u00e5r tjeneste, v\u00e5rt produkt og v\u00e5r organisasjon og tilbyr nye, smarte og progressive l\u00f8sninger.[\/vc_column_text][\/vc_column][vc_column width=&raquo;1\/4&#8243;][vc_single_image image=&raquo;1326&#8243; img_size=&raquo;large&raquo;][vc_single_image image=&raquo;1323&#8243; img_size=&raquo;large&raquo;][\/vc_column][vc_column width=&raquo;1\/4&#8243;][vc_single_image image=&raquo;1323&#8243; img_size=&raquo;large&raquo;][vc_single_image image=&raquo;1326&#8243; img_size=&raquo;large&raquo;][\/vc_column][\/vc_row]<\/p>\n<\/div>","protected":false},"excerpt":{"rendered":"<p>[vc_row][vc_column width=&raquo;1\/2&#8243;][vc_column_text css=&raquo;&raquo;]Mateks virksomhet er produksjon av hus med trekonstruksjon i henhold til kundens bestilling.Vi tilbyr trekonstruksjonsl\u00f8sninger for prosjekter der man tradisjonelt er vant til \u00e5 benytte betong-eller murkonstruksjoner. Vi gir trevirket en merverdi ved \u00e5 bygge leilighetskomplekser og modulhus ved hjelp av innovative metoder. V\u00e5re viktigste produkter er\u00a0 Flatelementer og romelementer med trekonstruksjon Fleretasjes &hellip; <\/p>\n<p class=\"link-more\"><a href=\"https:\/\/www.matek.ee\/nb\/om-foretaket\/\" class=\"more-link\">Continue reading<span class=\"screen-reader-text\"> &laquo;OM FORETAKET&raquo;<\/span><\/a><\/p>\n","protected":false},"author":3,"featured_media":0,"parent":0,"menu_order":1,"comment_status":"closed","ping_status":"closed","template":"","meta":{"_acf_changed":false,"footnotes":""},"class_list":["post-844","page","type-page","status-publish","hentry"],"acf":[],"_links":{"self":[{"href":"https:\/\/www.matek.ee\/nb\/wp-json\/wp\/v2\/pages\/844","targetHints":{"allow":["GET"]}}],"collection":[{"href":"https:\/\/www.matek.ee\/nb\/wp-json\/wp\/v2\/pages"}],"about":[{"href":"https:\/\/www.matek.ee\/nb\/wp-json\/wp\/v2\/types\/page"}],"author":[{"embeddable":true,"href":"https:\/\/www.matek.ee\/nb\/wp-json\/wp\/v2\/users\/3"}],"replies":[{"embeddable":true,"href":"https:\/\/www.matek.ee\/nb\/wp-json\/wp\/v2\/comments?post=844"}],"version-history":[{"count":5,"href":"https:\/\/www.matek.ee\/nb\/wp-json\/wp\/v2\/pages\/844\/revisions"}],"predecessor-version":[{"id":4363,"href":"https:\/\/www.matek.ee\/nb\/wp-json\/wp\/v2\/pages\/844\/revisions\/4363"}],"wp:attachment":[{"href":"https:\/\/www.matek.ee\/nb\/wp-json\/wp\/v2\/media?parent=844"}],"curies":[{"name":"wp","href":"https:\/\/api.w.org\/{rel}","templated":true}]}}