{"id":846,"date":"2017-07-03T09:16:35","date_gmt":"2017-07-03T09:16:35","guid":{"rendered":"https:\/\/www.matek.ee\/ettevottest\/ajalugu\/"},"modified":"2017-11-28T11:17:19","modified_gmt":"2017-11-28T11:17:19","slug":"historie","status":"publish","type":"page","link":"https:\/\/www.matek.ee\/nb\/om-foretaket\/historie\/","title":{"rendered":"Historie"},"content":{"rendered":"<div class=\"wpb-content-wrapper\"><p>[vc_row][vc_column][vc_column_text]<div class=\"tm_timeline tm_timeline-layout-vertical tm_timeline-layout-vertical-chessOrder\">\r\n\r\n\t<div class=\"tm_timeline__container\">\r\n\r\n\t\t<div class=\"tm_timeline__body\">\r\n\r\n\t\t\t<div class=\"tm_timeline__tense\"><\/div>\r\n\r\n\t\t\r\n\t\t\t\t<div class=\"tm_timeline__event tm_timeline__event-odd\">\r\n\t\t\t\t\t\t\t\t\t\t<div class=\"tm_timeline__event__dot\"><\/div>\r\n\t\t\t\t\t\t\t\t\t\t<div class=\"tm_timeline__event__date\">1988<\/div>\r\n\t\t\t\t\t\t\t\t\t\t\t<div class=\"tm_timeline__event__title\">\r\n\t\t\t\t\t\t\tFellesforetaket Matek ble stiftet\t\t\t\t\t\t<\/div>\r\n\t\t\t\t\t\t\t\t\t\t<div class=\"tm_timeline__event__description\">\r\n\t\t\t\t\t\t\t\t\t\t\t<\/div>\r\n\t\t\t\t<\/div>\r\n\r\n\t\t\t\t\t\t\t\r\n\t\t\t\t<div class=\"tm_timeline__event tm_timeline__event-even\">\r\n\t\t\t\t\t\t\t\t\t\t<div class=\"tm_timeline__event__dot\"><\/div>\r\n\t\t\t\t\t\t\t\t\t\t<div class=\"tm_timeline__event__date\">1989<\/div>\r\n\t\t\t\t\t\t\t\t\t\t\t<div class=\"tm_timeline__event__title\">\r\n\t\t\t\t\t\t\t\u00c5pning av Mateks f\u00f8rste fabrikk\t\t\t\t\t\t<\/div>\r\n\t\t\t\t\t\t\t\t\t\t<div class=\"tm_timeline__event__description\">\r\n\t\t\t\t\t\t\t\t\t\t\t<\/div>\r\n\t\t\t\t<\/div>\r\n\r\n\t\t\t\t\t\t\t\r\n\t\t\t\t<div class=\"tm_timeline__event tm_timeline__event-odd\">\r\n\t\t\t\t\t\t\t\t\t\t<div class=\"tm_timeline__event__dot\"><\/div>\r\n\t\t\t\t\t\t\t\t\t\t<div class=\"tm_timeline__event__date\">1992<\/div>\r\n\t\t\t\t\t\t\t\t\t\t\t<div class=\"tm_timeline__event__title\">\r\n\t\t\t\t\t\t\tDet ble startet eksport til det svenske markedet\t\t\t\t\t\t<\/div>\r\n\t\t\t\t\t\t\t\t\t\t<div class=\"tm_timeline__event__description\">\r\n\t\t\t\t\t\t\t\t\t\t\t<\/div>\r\n\t\t\t\t<\/div>\r\n\r\n\t\t\t\t\t\t\t\r\n\t\t\t\t<div class=\"tm_timeline__event tm_timeline__event-even\">\r\n\t\t\t\t\t\t\t\t\t\t<div class=\"tm_timeline__event__dot\"><\/div>\r\n\t\t\t\t\t\t\t\t\t\t<div class=\"tm_timeline__event__date\">1993<\/div>\r\n\t\t\t\t\t\t\t\t\t\t\t<div class=\"tm_timeline__event__title\">\r\n\t\t\t\t\t\t\tDet ble startet eksport til det tyske markedet\t\t\t\t\t\t<\/div>\r\n\t\t\t\t\t\t\t\t\t\t<div class=\"tm_timeline__event__description\">\r\n\t\t\t\t\t\t\t\t\t\t\t<\/div>\r\n\t\t\t\t<\/div>\r\n\r\n\t\t\t\t\t\t\t\r\n\t\t\t\t<div class=\"tm_timeline__event tm_timeline__event-odd\">\r\n\t\t\t\t\t\t\t\t\t\t<div class=\"tm_timeline__event__dot\"><\/div>\r\n\t\t\t\t\t\t\t\t\t\t<div class=\"tm_timeline__event__date\">1997<\/div>\r\n\t\t\t\t\t\t\t\t\t\t\t<div class=\"tm_timeline__event__title\">\r\n\t\t\t\t\t\t\tDet ble startet eksport til det norske markedet\t\t\t\t\t\t<\/div>\r\n\t\t\t\t\t\t\t\t\t\t<div class=\"tm_timeline__event__description\">\r\n\t\t\t\t\t\t\t\t\t\t\t<\/div>\r\n\t\t\t\t<\/div>\r\n\r\n\t\t\t\t\t\t\t\r\n\t\t\t\t<div class=\"tm_timeline__event tm_timeline__event-even\">\r\n\t\t\t\t\t\t\t\t\t\t<div class=\"tm_timeline__event__dot\"><\/div>\r\n\t\t\t\t\t\t\t\t\t\t<div class=\"tm_timeline__event__date\">1997<\/div>\r\n\t\t\t\t\t\t\t\t\t\t\t<div class=\"tm_timeline__event__title\">\r\n\t\t\t\t\t\t\tDIN 1052-sertifikat (Tyskland)\t\t\t\t\t\t<\/div>\r\n\t\t\t\t\t\t\t\t\t\t<div class=\"tm_timeline__event__description\">\r\n\t\t\t\t\t\t\t\t\t\t\t<\/div>\r\n\t\t\t\t<\/div>\r\n\r\n\t\t\t\t\t\t\t\r\n\t\t\t\t<div class=\"tm_timeline__event tm_timeline__event-odd\">\r\n\t\t\t\t\t\t\t\t\t\t<div class=\"tm_timeline__event__dot\"><\/div>\r\n\t\t\t\t\t\t\t\t\t\t<div class=\"tm_timeline__event__date\">2004<\/div>\r\n\t\t\t\t\t\t\t\t\t\t\t<div class=\"tm_timeline__event__title\">\r\n\t\t\t\t\t\t\tDet ble startet eksport til det islandske markedet\t\t\t\t\t\t<\/div>\r\n\t\t\t\t\t\t\t\t\t\t<div class=\"tm_timeline__event__description\">\r\n\t\t\t\t\t\t\t\t\t\t\t<\/div>\r\n\t\t\t\t<\/div>\r\n\r\n\t\t\t\t\t\t\t\r\n\t\t\t\t<div class=\"tm_timeline__event tm_timeline__event-even\">\r\n\t\t\t\t\t\t\t\t\t\t<div class=\"tm_timeline__event__dot\"><\/div>\r\n\t\t\t\t\t\t\t\t\t\t<div class=\"tm_timeline__event__date\">2005<\/div>\r\n\t\t\t\t\t\t\t\t\t\t\t<div class=\"tm_timeline__event__title\">\r\n\t\t\t\t\t\t\tDet f\u00f8rste st\u00f8rre n\u00f8kkelferdige boligprosjektet i Estland\t\t\t\t\t\t<\/div>\r\n\t\t\t\t\t\t\t\t\t\t<div class=\"tm_timeline__event__description\">\r\n\t\t\t\t\t\t\t\t\t\t\t<\/div>\r\n\t\t\t\t<\/div>\r\n\r\n\t\t\t\t\t\t\t\r\n\t\t\t\t<div class=\"tm_timeline__event tm_timeline__event-odd\">\r\n\t\t\t\t\t\t\t\t\t\t<div class=\"tm_timeline__event__dot\"><\/div>\r\n\t\t\t\t\t\t\t\t\t\t<div class=\"tm_timeline__event__date\">2006<\/div>\r\n\t\t\t\t\t\t\t\t\t\t\t<div class=\"tm_timeline__event__title\">\r\n\t\t\t\t\t\t\tISO 9001-sertifikat\t\t\t\t\t\t<\/div>\r\n\t\t\t\t\t\t\t\t\t\t<div class=\"tm_timeline__event__description\">\r\n\t\t\t\t\t\t\t\t\t\t\t<\/div>\r\n\t\t\t\t<\/div>\r\n\r\n\t\t\t\t\t\t\t\r\n\t\t\t\t<div class=\"tm_timeline__event tm_timeline__event-even\">\r\n\t\t\t\t\t\t\t\t\t\t<div class=\"tm_timeline__event__dot\"><\/div>\r\n\t\t\t\t\t\t\t\t\t\t<div class=\"tm_timeline__event__date\">2009<\/div>\r\n\t\t\t\t\t\t\t\t\t\t\t<div class=\"tm_timeline__event__title\">\r\n\t\t\t\t\t\t\tSINTEF-sertifikat\t\t\t\t\t\t<\/div>\r\n\t\t\t\t\t\t\t\t\t\t<div class=\"tm_timeline__event__description\">\r\n\t\t\t\t\t\t\t\t\t\t\t<\/div>\r\n\t\t\t\t<\/div>\r\n\r\n\t\t\t\t\t\t\t\r\n\t\t\t\t<div class=\"tm_timeline__event tm_timeline__event-odd\">\r\n\t\t\t\t\t\t\t\t\t\t<div class=\"tm_timeline__event__dot\"><\/div>\r\n\t\t\t\t\t\t\t\t\t\t<div class=\"tm_timeline__event__date\">2012<\/div>\r\n\t\t\t\t\t\t\t\t\t\t\t<div class=\"tm_timeline__event__title\">\r\n\t\t\t\t\t\t\tDet ble \u00e5pnet en ny Matek-fabrikk som gjorde det mulig \u00e5 doble den tidligere produksjonskapasiteten\t\t\t\t\t\t<\/div>\r\n\t\t\t\t\t\t\t\t\t\t<div class=\"tm_timeline__event__description\">\r\n\t\t\t\t\t\t\t\t\t\t\t<\/div>\r\n\t\t\t\t<\/div>\r\n\r\n\t\t\t\t\t\t\t\r\n\t\t\t\t<div class=\"tm_timeline__event tm_timeline__event-even\">\r\n\t\t\t\t\t\t\t\t\t\t<div class=\"tm_timeline__event__dot\"><\/div>\r\n\t\t\t\t\t\t\t\t\t\t<div class=\"tm_timeline__event__date\">2015<\/div>\r\n\t\t\t\t\t\t\t\t\t\t\t<div class=\"tm_timeline__event__title\">\r\n\t\t\t\t\t\t\tETA-sertifikat\t\t\t\t\t\t<\/div>\r\n\t\t\t\t\t\t\t\t\t\t<div class=\"tm_timeline__event__description\">\r\n\t\t\t\t\t\t\t\t\t\t\t<\/div>\r\n\t\t\t\t<\/div>\r\n\r\n\t\t\t\t\t\t\t\t\t\t\r\n\t\t<\/div>\r\n\t<\/div>\r\n<\/div>\r\n[\/vc_column_text][\/vc_column][\/vc_row]<\/p>\n<\/div>","protected":false},"excerpt":{"rendered":"<p>[vc_row][vc_column][vc_column_text][\/vc_column_text][\/vc_column][\/vc_row]<\/p>\n","protected":false},"author":3,"featured_media":0,"parent":844,"menu_order":0,"comment_status":"closed","ping_status":"closed","template":"","meta":{"_acf_changed":false,"footnotes":""},"class_list":["post-846","page","type-page","status-publish","hentry"],"acf":[],"_links":{"self":[{"href":"https:\/\/www.matek.ee\/nb\/wp-json\/wp\/v2\/pages\/846","targetHints":{"allow":["GET"]}}],"collection":[{"href":"https:\/\/www.matek.ee\/nb\/wp-json\/wp\/v2\/pages"}],"about":[{"href":"https:\/\/www.matek.ee\/nb\/wp-json\/wp\/v2\/types\/page"}],"author":[{"embeddable":true,"href":"https:\/\/www.matek.ee\/nb\/wp-json\/wp\/v2\/users\/3"}],"replies":[{"embeddable":true,"href":"https:\/\/www.matek.ee\/nb\/wp-json\/wp\/v2\/comments?post=846"}],"version-history":[{"count":0,"href":"https:\/\/www.matek.ee\/nb\/wp-json\/wp\/v2\/pages\/846\/revisions"}],"up":[{"embeddable":true,"href":"https:\/\/www.matek.ee\/nb\/wp-json\/wp\/v2\/pages\/844"}],"wp:attachment":[{"href":"https:\/\/www.matek.ee\/nb\/wp-json\/wp\/v2\/media?parent=846"}],"curies":[{"name":"wp","href":"https:\/\/api.w.org\/{rel}","templated":true}]}}