{"id":851,"date":"2017-07-03T09:20:03","date_gmt":"2017-07-03T09:20:03","guid":{"rendered":"https:\/\/www.matek.ee\/ettevottest\/corporate-social-responsibilty\/"},"modified":"2017-11-28T11:17:38","modified_gmt":"2017-11-28T11:17:38","slug":"samfunnsansvar","status":"publish","type":"page","link":"https:\/\/www.matek.ee\/nb\/om-foretaket\/samfunnsansvar\/","title":{"rendered":"Samfunnsansvar"},"content":{"rendered":"<div class=\"wpb-content-wrapper\"><p>[vc_row][vc_column width=&raquo;1\/2&#8243;][vc_column_text]I samarbeid med P\u00e4rnu fylkes yrkesutdanningssenter fors\u00f8ker vi kontinuerlig \u00e5 utvikle ferdighetene til framtidige t\u00f8mrere og bygningsarbeidere ved\u00a0\u00e5 bidra til utviklingen av l\u00e6replanen og tilby praksisplasser i v\u00e5rt foretak. Matek bidrar ogs\u00e5 til arbeidet ved Estisk Trehusforbund og er aktive i styrearbeidet ved\u00a0 Estlands handels-og industrikammer.<\/p>\n<p>Vi\u00a0\u00f8nsker ogs\u00e5 selv\u00a0\u00e5 gi noe tilbake til samfunnet, og vi vet hvor viktig det er\u00a0\u00e5 legge merke til unge talenter p\u00e5 ulike felt i livet. De siste ti\u00a0\u00e5rene har Matek bidratt til\u00a0\u00e5 st\u00f8tte estisk seilsport.<\/p>\n<p>&nbsp;<\/p>\n<p>Akkurat n\u00e5 st\u00f8tter vi :<\/p>\n<p><a href=\"https:\/\/www.facebook.com\/kmrammo\/\">Karl-Martin Rammo<\/a><\/p>\n<p><a href=\"http:\/\/www.puri.ee\/\">Estonian Yachting Union\u00a0<\/a><\/p>\n<p><a href=\"http:\/\/www.tjk.ee\/\">Tallinn Yacht Club<\/a>[\/vc_column_text][\/vc_column][vc_column width=&raquo;1\/2&#8243;][vc_row_inner][vc_column_inner width=&raquo;1\/3&#8243;][vc_column_text]<img loading=\"lazy\" decoding=\"async\" class=\"size-medium wp-image-487 alignright\" src=\"https:\/\/www.matek.ee\/wp-content\/uploads\/2017\/07\/karl_martin_rammo-300x200.jpg\" alt=\"\" width=\"300\" height=\"200\" srcset=\"https:\/\/www.matek.ee\/wp-content\/uploads\/2017\/07\/karl_martin_rammo-300x200.jpg 300w, https:\/\/www.matek.ee\/wp-content\/uploads\/2017\/07\/karl_martin_rammo-1500x1000.jpg 1500w, https:\/\/www.matek.ee\/wp-content\/uploads\/2017\/07\/karl_martin_rammo-768x512.jpg 768w, https:\/\/www.matek.ee\/wp-content\/uploads\/2017\/07\/karl_martin_rammo-1536x1024.jpg 1536w, https:\/\/www.matek.ee\/wp-content\/uploads\/2017\/07\/karl_martin_rammo.jpg 2048w\" sizes=\"auto, (max-width: 300px) 100vw, 300px\" \/>[\/vc_column_text][\/vc_column_inner][vc_column_inner width=&raquo;1\/3&#8243;][vc_column_text]<img loading=\"lazy\" decoding=\"async\" class=\"size-medium wp-image-491 alignright\" src=\"https:\/\/www.matek.ee\/wp-content\/uploads\/2017\/07\/kutseharidus_voistlus_3-300x200.jpg\" alt=\"\" width=\"300\" height=\"200\" srcset=\"https:\/\/www.matek.ee\/wp-content\/uploads\/2017\/07\/kutseharidus_voistlus_3-300x200.jpg 300w, https:\/\/www.matek.ee\/wp-content\/uploads\/2017\/07\/kutseharidus_voistlus_3-1500x1000.jpg 1500w, https:\/\/www.matek.ee\/wp-content\/uploads\/2017\/07\/kutseharidus_voistlus_3-768x512.jpg 768w, https:\/\/www.matek.ee\/wp-content\/uploads\/2017\/07\/kutseharidus_voistlus_3-1536x1024.jpg 1536w, https:\/\/www.matek.ee\/wp-content\/uploads\/2017\/07\/kutseharidus_voistlus_3.jpg 2048w\" sizes=\"auto, (max-width: 300px) 100vw, 300px\" \/>[\/vc_column_text][\/vc_column_inner][vc_column_inner width=&raquo;1\/3&#8243;][vc_column_text]<img loading=\"lazy\" decoding=\"async\" class=\"size-medium wp-image-483 alignright\" src=\"https:\/\/www.matek.ee\/wp-content\/uploads\/2017\/07\/15894635_1166862430101078_7543407615723273227_n-286x300.jpg\" alt=\"\" width=\"286\" height=\"300\" srcset=\"https:\/\/www.matek.ee\/wp-content\/uploads\/2017\/07\/15894635_1166862430101078_7543407615723273227_n-286x300.jpg 286w, https:\/\/www.matek.ee\/wp-content\/uploads\/2017\/07\/15894635_1166862430101078_7543407615723273227_n-768x807.jpg 768w, https:\/\/www.matek.ee\/wp-content\/uploads\/2017\/07\/15894635_1166862430101078_7543407615723273227_n.jpg 914w\" sizes=\"auto, (max-width: 286px) 100vw, 286px\" \/>[\/vc_column_text][\/vc_column_inner][\/vc_row_inner][vc_row_inner][vc_column_inner width=&raquo;1\/3&#8243;][vc_column_text]<img loading=\"lazy\" decoding=\"async\" class=\"size-medium wp-image-485 alignright\" src=\"https:\/\/www.matek.ee\/wp-content\/uploads\/2017\/07\/jahtklubi-vapp-289x300.jpg\" alt=\"\" width=\"289\" height=\"300\" srcset=\"https:\/\/www.matek.ee\/wp-content\/uploads\/2017\/07\/jahtklubi-vapp-289x300.jpg 289w, https:\/\/www.matek.ee\/wp-content\/uploads\/2017\/07\/jahtklubi-vapp.jpg 673w\" sizes=\"auto, (max-width: 289px) 100vw, 289px\" \/>[\/vc_column_text][\/vc_column_inner][vc_column_inner width=&raquo;1\/3&#8243;][vc_column_text]<img loading=\"lazy\" decoding=\"async\" class=\"size-medium wp-image-486 alignright\" src=\"https:\/\/www.matek.ee\/wp-content\/uploads\/2017\/07\/EJL-logo-pildina-300x277.jpg\" alt=\"\" width=\"300\" height=\"277\" srcset=\"https:\/\/www.matek.ee\/wp-content\/uploads\/2017\/07\/EJL-logo-pildina-300x277.jpg 300w, https:\/\/www.matek.ee\/wp-content\/uploads\/2017\/07\/EJL-logo-pildina-768x708.jpg 768w, https:\/\/www.matek.ee\/wp-content\/uploads\/2017\/07\/EJL-logo-pildina.jpg 1015w\" sizes=\"auto, (max-width: 300px) 100vw, 300px\" \/>[\/vc_column_text][\/vc_column_inner][vc_column_inner width=&raquo;1\/3&#8243;][vc_column_text]<img loading=\"lazy\" decoding=\"async\" class=\"size-medium wp-image-495 alignright\" src=\"https:\/\/www.matek.ee\/wp-content\/uploads\/2017\/07\/kutseharidus_voistlus_2-200x300.jpg\" alt=\"\" width=\"200\" height=\"300\" srcset=\"https:\/\/www.matek.ee\/wp-content\/uploads\/2017\/07\/kutseharidus_voistlus_2-200x300.jpg 200w, https:\/\/www.matek.ee\/wp-content\/uploads\/2017\/07\/kutseharidus_voistlus_2-1000x1500.jpg 1000w, https:\/\/www.matek.ee\/wp-content\/uploads\/2017\/07\/kutseharidus_voistlus_2-768x1152.jpg 768w, https:\/\/www.matek.ee\/wp-content\/uploads\/2017\/07\/kutseharidus_voistlus_2-1024x1536.jpg 1024w, https:\/\/www.matek.ee\/wp-content\/uploads\/2017\/07\/kutseharidus_voistlus_2.jpg 1365w\" sizes=\"auto, (max-width: 200px) 100vw, 200px\" \/>[\/vc_column_text][\/vc_column_inner][\/vc_row_inner][\/vc_column][\/vc_row]<\/p>\n<\/div>","protected":false},"excerpt":{"rendered":"<p>[vc_row][vc_column width=&raquo;1\/2&#8243;][vc_column_text]I samarbeid med P\u00e4rnu fylkes yrkesutdanningssenter fors\u00f8ker vi kontinuerlig \u00e5 utvikle ferdighetene til framtidige t\u00f8mrere og bygningsarbeidere ved\u00a0\u00e5 bidra til utviklingen av l\u00e6replanen og tilby praksisplasser i v\u00e5rt foretak. Matek bidrar ogs\u00e5 til arbeidet ved Estisk Trehusforbund og er aktive i styrearbeidet ved\u00a0 Estlands handels-og industrikammer. Vi\u00a0\u00f8nsker ogs\u00e5 selv\u00a0\u00e5 gi noe tilbake til samfunnet, &hellip; <\/p>\n<p class=\"link-more\"><a href=\"https:\/\/www.matek.ee\/nb\/om-foretaket\/samfunnsansvar\/\" class=\"more-link\">Continue reading<span class=\"screen-reader-text\"> &laquo;Samfunnsansvar&raquo;<\/span><\/a><\/p>\n","protected":false},"author":3,"featured_media":0,"parent":844,"menu_order":0,"comment_status":"closed","ping_status":"closed","template":"","meta":{"_acf_changed":false,"footnotes":""},"class_list":["post-851","page","type-page","status-publish","hentry"],"acf":[],"_links":{"self":[{"href":"https:\/\/www.matek.ee\/nb\/wp-json\/wp\/v2\/pages\/851","targetHints":{"allow":["GET"]}}],"collection":[{"href":"https:\/\/www.matek.ee\/nb\/wp-json\/wp\/v2\/pages"}],"about":[{"href":"https:\/\/www.matek.ee\/nb\/wp-json\/wp\/v2\/types\/page"}],"author":[{"embeddable":true,"href":"https:\/\/www.matek.ee\/nb\/wp-json\/wp\/v2\/users\/3"}],"replies":[{"embeddable":true,"href":"https:\/\/www.matek.ee\/nb\/wp-json\/wp\/v2\/comments?post=851"}],"version-history":[{"count":0,"href":"https:\/\/www.matek.ee\/nb\/wp-json\/wp\/v2\/pages\/851\/revisions"}],"up":[{"embeddable":true,"href":"https:\/\/www.matek.ee\/nb\/wp-json\/wp\/v2\/pages\/844"}],"wp:attachment":[{"href":"https:\/\/www.matek.ee\/nb\/wp-json\/wp\/v2\/media?parent=851"}],"curies":[{"name":"wp","href":"https:\/\/api.w.org\/{rel}","templated":true}]}}