{"id":859,"date":"2016-12-28T08:50:43","date_gmt":"2016-12-28T08:50:43","guid":{"rendered":"https:\/\/www.matek.ee\/element\/"},"modified":"2018-01-03T11:54:31","modified_gmt":"2018-01-03T11:54:31","slug":"elementer","status":"publish","type":"page","link":"https:\/\/www.matek.ee\/nb\/elementer\/","title":{"rendered":"ELEMENTER"},"content":{"rendered":"<div class=\"wpb-content-wrapper\"><p>[vc_row][vc_column width=&raquo;1\/2&#8243;][vc_column_text]<\/p>\n<h2>Hva er et elementhus?<\/h2>\n<p>Elementhus best\u00e5r av flate, separate treelementer som monteres sammen p\u00e5 byggeplassen.<\/p>\n<h2>Hva inneholder leveransen fra oss?<\/h2>\n<ul>\n<li><strong>Veggelementer:<\/strong>\n<ul>\n<li><em>Ytterveggelementer<\/em>. Elementene er isolert p\u00e5 fabrikk og kledd p\u00e5 utsiden med fasadedekke ( bordkledning, fasadeplater e.l). Det er montert elektrikerr\u00f8r og koplingsbokser, gipsplate p\u00e5 innsiden, vinduer, vannblikk og vinduslister<\/li>\n<li><em>Innerveggelementer<\/em>. Elementene dekt med lukkede plater er fabrikkproduserte og fylt med mineralull, og det er montert elektrikerr\u00f8r og koplingsbokser<\/li>\n<\/ul>\n<\/li>\n<li><strong>Etasjeskillerelementer<\/strong>. Elementene er fylt med mineralull ved fabrikk, oversiden er dekt med trefiberplater, himlingsgips og lekter monteres p\u00e5 byggeplass<\/li>\n<li><strong>Takelementer og\/eller-materialer. <\/strong>Fabrikkisolerte takelementer, fylt med mineralull mellom takbjelkene, og med undertak og utlekting p\u00e5 bjelkene. P\u00e5 byggeplassen m\u00e5 deretter takdekket monteres, samt lagene under dampsperrefolien (himlingslekter og-gips)<\/li>\n<li><strong>Balkongelementer<\/strong><\/li>\n<li><strong>Terrasseelementer<\/strong><\/li>\n<li><strong>Balkong-og terrasserekkverk<\/strong><\/li>\n<\/ul>\n<p>Alt dette leverer vi til byggeplass og monterer sammen etter kundens bestilling.<\/p>\n<p>N\u00e5r vi forlater byggeplassen er huset ytre sett ferdig, p\u00e5 innsiden er det ferdig dekt med gips. NB! Ettersom vi\u00a0f\u00f8rst og fremst er en husprodusent, utf\u00f8rer vi ikke spesialarbeider p\u00e5 byggeplass slik som fundament, innend\u00f8rs finish, vann-, varme-og elektrikerarbeid.[\/vc_column_text][\/vc_column][vc_column width=&raquo;1\/2&#8243;][vc_column_text]<\/p>\n<h2>Hva lager vi av elementer?<\/h2>\n<p>Treelementene kan brukes til bygninger med sv\u00e6rt ulik arkitektur og\u00a0 funksjonalitet. Godt egnet for v\u00e5re prosjekter er:<\/p>\n<ul>\n<li>Utvikling med eneboliger og tomannsboliger<\/li>\n<li>Rekkehus<\/li>\n<li>Leilighetskomplekser<\/li>\n<li>Samfunnsbygg (hoteller, internater, sykehus, pleiehjem, barnehager, skoler osv.)<\/li>\n<li>Yttervegg- og takelementer med b\u00e6rekonstruksjon av betong \/ st\u00e5l for leilighetskomplekser og samfunnsbygg<\/li>\n<\/ul>\n<p>Med vanlig trevirke er det mulig \u00e5 sette opp bygg p\u00e5 inntil 4 etasjer med b\u00e6rekonstruksjon av tre.<\/p>\n<h2>Hva venter vi av kunden?<\/h2>\n<p>Arkitektoniske:<\/p>\n<ul>\n<li>Plantegninger<\/li>\n<li>Snitt<\/li>\n<li>Fasader fra alle 4 sider<\/li>\n<\/ul>\n<p>[\/vc_column_text][vc_images_carousel images=&raquo;937&#8243;][\/vc_column][\/vc_row]<\/p>\n<\/div>","protected":false},"excerpt":{"rendered":"<p>[vc_row][vc_column width=&raquo;1\/2&#8243;][vc_column_text] Hva er et elementhus? Elementhus best\u00e5r av flate, separate treelementer som monteres sammen p\u00e5 byggeplassen. Hva inneholder leveransen fra oss? Veggelementer: Ytterveggelementer. Elementene er isolert p\u00e5 fabrikk og kledd p\u00e5 utsiden med fasadedekke ( bordkledning, fasadeplater e.l). Det er montert elektrikerr\u00f8r og koplingsbokser, gipsplate p\u00e5 innsiden, vinduer, vannblikk og vinduslister Innerveggelementer. Elementene dekt &hellip; <\/p>\n<p class=\"link-more\"><a href=\"https:\/\/www.matek.ee\/nb\/elementer\/\" class=\"more-link\">Continue reading<span class=\"screen-reader-text\"> &laquo;ELEMENTER&raquo;<\/span><\/a><\/p>\n","protected":false},"author":3,"featured_media":0,"parent":0,"menu_order":5,"comment_status":"closed","ping_status":"closed","template":"","meta":{"_acf_changed":false,"footnotes":""},"class_list":["post-859","page","type-page","status-publish","hentry"],"acf":[],"_links":{"self":[{"href":"https:\/\/www.matek.ee\/nb\/wp-json\/wp\/v2\/pages\/859","targetHints":{"allow":["GET"]}}],"collection":[{"href":"https:\/\/www.matek.ee\/nb\/wp-json\/wp\/v2\/pages"}],"about":[{"href":"https:\/\/www.matek.ee\/nb\/wp-json\/wp\/v2\/types\/page"}],"author":[{"embeddable":true,"href":"https:\/\/www.matek.ee\/nb\/wp-json\/wp\/v2\/users\/3"}],"replies":[{"embeddable":true,"href":"https:\/\/www.matek.ee\/nb\/wp-json\/wp\/v2\/comments?post=859"}],"version-history":[{"count":0,"href":"https:\/\/www.matek.ee\/nb\/wp-json\/wp\/v2\/pages\/859\/revisions"}],"wp:attachment":[{"href":"https:\/\/www.matek.ee\/nb\/wp-json\/wp\/v2\/media?parent=859"}],"curies":[{"name":"wp","href":"https:\/\/api.w.org\/{rel}","templated":true}]}}