{"id":862,"date":"2016-12-28T08:51:03","date_gmt":"2016-12-28T08:51:03","guid":{"rendered":"https:\/\/www.matek.ee\/module\/"},"modified":"2018-01-03T11:56:47","modified_gmt":"2018-01-03T11:56:47","slug":"moduler","status":"publish","type":"page","link":"https:\/\/www.matek.ee\/nb\/moduler\/","title":{"rendered":"MODULER"},"content":{"rendered":"<div class=\"wpb-content-wrapper\"><p>[vc_row][vc_column width=&raquo;1\/2&#8243;][vc_column_text]<\/p>\n<h2>Hva er en modul?<\/h2>\n<p>En romlig del av en bygning, det vil si en lukket kasse, der gulv, vegger og etasjeskiller eller himlingstak er montert sammen p\u00e5 fabrikk. I likhet med elementhus er det p\u00e5 yttervegger montert vinduer og balkongd\u00f8rer og ytre fasademateriale.<\/p>\n<h2>Hva kan gj\u00f8res p\u00e5 fabrikken?<\/h2>\n<ul>\n<li>Innenfor modulene utf\u00f8rer vi spesialarbeid:\n<ul>\n<li>Elektrisk<\/li>\n<li>Vann<\/li>\n<li>Varme<\/li>\n<li>Ventilasjon<\/li>\n<li>Automatisk brannslukningsanlegg (sprinkleranlegg)<\/li>\n<\/ul>\n<\/li>\n<li>Vi utf\u00f8rer i stor grad finish p\u00e5 modulen:\n<ul>\n<li>Flislegger v\u00e5trom<\/li>\n<li>Maler, dekker veggene med tapet\/malt panel<\/li>\n<li>Legger parkett eller PVC-belegg p\u00e5 gulv<\/li>\n<\/ul>\n<\/li>\n<li>Vi monterer:\n<ul>\n<li>Sanit\u00e6rutstyr (blandebatterier, toalettsk\u00e5ler, badekar, servanter, dusjkabinetter)<\/li>\n<li>Lysarmaturer<\/li>\n<li>Kj\u00f8kken-og baderomsm\u00f8bler<\/li>\n<\/ul>\n<\/li>\n<\/ul>\n<h2>Hvilke hus er egnet for moduler?<\/h2>\n<ul>\n<li>Med vanlig trevirke hus p\u00e5 inntil 4 etasjer<\/li>\n<li>Prosjekter med gulvflate over 1500 m\u00b2, ettersom vi for det meste frakter modulene med skip<\/li>\n<li>Avhengig av transport er maksimale m\u00e5l p\u00e5 en modul normalt\n<ul>\n<li>Bredde 4,2 m<\/li>\n<li>Lengde\u00a0 11,5 m<\/li>\n<li>H\u00f8yde max \u00a03 m<\/li>\n<\/ul>\n<\/li>\n<li>Visse begrensninger ved den arkitektoniske planleggingen av boligene:\n<ul>\n<li>gjennomg\u00e5ende b\u00e6rende linjer<\/li>\n<li>doble vegger mellom modulene<\/li>\n<li>gjennomg\u00e5ende sjakter<\/li>\n<\/ul>\n<\/li>\n<\/ul>\n<h2>Hvordan foreg\u00e5r monteringen av modulen?<\/h2>\n<ul>\n<li>Vi monterer med kran, s\u00e5\u00a0 \u00e5 si direkte fra bil, en etasje om gangen<\/li>\n<li>Monteringstiden er, avhengig av modulens egenskaper, 30-60 minutter<\/li>\n<li>Etter montering av modulen monteres elementdeler som svalganger, balkonger, terrasser, halvtak etc.<\/li>\n<li>For utf\u00f8ring p\u00e5 byggeplass gjenst\u00e5r: ytre modulskj\u00f8ter ( bordkledning\/fasadeplater i skj\u00f8ter mellom modulene), indre modulsammenkoplinger ( spesialdeler: vann, avl\u00f8p, ventilasjon, str\u00f8m og sprinkleranlegg)<\/li>\n<li>Avhengig av modulenes ferdigstillingsgrad tar finish og ferdigstilling av ca 1000 m\u00b2 bygning ca 3-6 uker<\/li>\n<\/ul>\n<p>[\/vc_column_text][\/vc_column][vc_column width=&raquo;1\/2&#8243;][vc_column_text]<\/p>\n<h2>Hva venter vi av kunden?<\/h2>\n<ul>\n<li><strong><strong>En arkitektonisk I\u00f8sning som er egnet for l\u00f8sning med moduler<\/strong><\/strong>\n<ul>\n<li>plantegninger<\/li>\n<li>snitt og fasader av bygningen fra alle 4 sider<\/li>\n<\/ul>\n<\/li>\n<li><strong>Prinsipielle planer for f\u00f8lgende arbeider:<\/strong>\n<ul>\n<li>elektrisk-,<\/li>\n<li>ventilasjon-,<\/li>\n<li>vannforsyning-,<\/li>\n<li>varme-;<\/li>\n<li>automatisk brannslukningsanlegg (sprinkleranlegg)<\/li>\n<\/ul>\n<\/li>\n<li><strong>Rolle som hovedentrepren\u00f8r og ansvarlig prosjekterende<\/strong><\/li>\n<\/ul>\n<h2>Hva gj\u00f8r vi p\u00e5 byggeplassen? Hva gj\u00f8r kunden?<\/h2>\n<h2><u>Vi:<\/u><\/h2>\n<ul>\n<li>Bygningens tredeler som romelementer<\/li>\n<li>Skj\u00f8tene mellom modulene for spesialarbeid og indre-og ytre finish ( de delene som ikke kan fullf\u00f8res p\u00e5 fabrikk)<\/li>\n<li>Tredeler p\u00e5 elementene: svalganger, balkonger, terrasser, halvtak etc.<\/li>\n<\/ul>\n<h2><u>Kunden:<\/u><\/h2>\n<ul>\n<li>Fundament og andre betongdeler<\/li>\n<li>Ytre tilslutninger, tilkopling til disse<\/li>\n<li>Administrativt arbeid p\u00e5 byggeplass: s\u00f8ppelcontainere, byggeplasskontor, innkvartering av monteringsteam, kraner og stillas<\/li>\n<\/ul>\n<p>[\/vc_column_text][vc_images_carousel images=&raquo;280&#8243;][\/vc_column][\/vc_row]<\/p>\n<\/div>","protected":false},"excerpt":{"rendered":"<p>[vc_row][vc_column width=&raquo;1\/2&#8243;][vc_column_text] Hva er en modul? En romlig del av en bygning, det vil si en lukket kasse, der gulv, vegger og etasjeskiller eller himlingstak er montert sammen p\u00e5 fabrikk. I likhet med elementhus er det p\u00e5 yttervegger montert vinduer og balkongd\u00f8rer og ytre fasademateriale. Hva kan gj\u00f8res p\u00e5 fabrikken? Innenfor modulene utf\u00f8rer vi spesialarbeid: &hellip; <\/p>\n<p class=\"link-more\"><a href=\"https:\/\/www.matek.ee\/nb\/moduler\/\" class=\"more-link\">Continue reading<span class=\"screen-reader-text\"> &laquo;MODULER&raquo;<\/span><\/a><\/p>\n","protected":false},"author":3,"featured_media":0,"parent":0,"menu_order":6,"comment_status":"closed","ping_status":"closed","template":"","meta":{"_acf_changed":false,"footnotes":""},"class_list":["post-862","page","type-page","status-publish","hentry"],"acf":[],"_links":{"self":[{"href":"https:\/\/www.matek.ee\/nb\/wp-json\/wp\/v2\/pages\/862","targetHints":{"allow":["GET"]}}],"collection":[{"href":"https:\/\/www.matek.ee\/nb\/wp-json\/wp\/v2\/pages"}],"about":[{"href":"https:\/\/www.matek.ee\/nb\/wp-json\/wp\/v2\/types\/page"}],"author":[{"embeddable":true,"href":"https:\/\/www.matek.ee\/nb\/wp-json\/wp\/v2\/users\/3"}],"replies":[{"embeddable":true,"href":"https:\/\/www.matek.ee\/nb\/wp-json\/wp\/v2\/comments?post=862"}],"version-history":[{"count":0,"href":"https:\/\/www.matek.ee\/nb\/wp-json\/wp\/v2\/pages\/862\/revisions"}],"wp:attachment":[{"href":"https:\/\/www.matek.ee\/nb\/wp-json\/wp\/v2\/media?parent=862"}],"curies":[{"name":"wp","href":"https:\/\/api.w.org\/{rel}","templated":true}]}}