{"id":845,"date":"2016-12-13T11:36:47","date_gmt":"2016-12-13T11:36:47","guid":{"rendered":"https:\/\/www.matek.ee\/ettevottest\/"},"modified":"2026-01-09T13:32:05","modified_gmt":"2026-01-09T11:32:05","slug":"om-foretaget","status":"publish","type":"page","link":"https:\/\/www.matek.ee\/sv\/om-foretaget\/","title":{"rendered":"OM F\u00d6RETAGET"},"content":{"rendered":"<div class=\"wpb-content-wrapper\"><p>[vc_row][vc_column width=&#8221;1\/2&#8243;][vc_column_text css=&#8221;&#8221;]<\/p>\n<p data-ccp-props=\"{&quot;335551550&quot;:1,&quot;335551620&quot;:1,&quot;335559683&quot;:0,&quot;335559685&quot;:0,&quot;335559731&quot;:0,&quot;335559737&quot;:0,&quot;335562764&quot;:2,&quot;335562765&quot;:1,&quot;335562766&quot;:4,&quot;335562767&quot;:0,&quot;335562768&quot;:4,&quot;335562769&quot;:0}\"><span data-contrast=\"none\" data-usefontface=\"false\">Matek<\/span><span data-contrast=\"none\" data-usefontface=\"false\"> Modul AB erbjuder modulbaserade bost\u00e4der med <\/span><span data-contrast=\"none\" data-usefontface=\"false\">tr\u00e4stomme. Vi kombinerar standardiserade l\u00f6sningar med <\/span><span data-contrast=\"none\" data-usefontface=\"false\">innovation och flexibilitet. Vi ger merv\u00e4rde genom att <\/span><span data-contrast=\"none\" data-usefontface=\"false\">producera industriellt och minska tiden p\u00e5 arbetsplatsen.\u00a0<\/span>\u200b<\/p>\n<p data-ccp-props=\"{&quot;335551550&quot;:1,&quot;335551620&quot;:1,&quot;335559683&quot;:0,&quot;335559685&quot;:0,&quot;335559731&quot;:0,&quot;335559737&quot;:0,&quot;335562764&quot;:2,&quot;335562765&quot;:1,&quot;335562766&quot;:4,&quot;335562767&quot;:0,&quot;335562768&quot;:4,&quot;335562769&quot;:0}\"><span data-contrast=\"none\" data-usefontface=\"false\">Matek<\/span><span data-contrast=\"none\" data-usefontface=\"false\"> har \u00e4ven m\u00e5ng\u00e5rig erfarenhet av planelement <\/span><span data-contrast=\"none\" data-usefontface=\"false\">produktion varf\u00f6r denna erfarenhet nyttjas i delar som \u00e4r <\/span><span data-contrast=\"none\" data-usefontface=\"false\">sv\u00e5ra att modulanpassa.<\/span>\u200b<\/p>\n<p><strong>V\u00e5ra fr\u00e4msta produkter \u00e4r<\/strong><\/p>\n<ul>\n<li>Radhus<\/li>\n<li><span class=\"TextRun SCXP163736347 BCX1\" lang=\"EN-US\" xml:lang=\"EN-US\" data-contrast=\"none\" data-usefontface=\"false\"><span class=\"SpellingError SCXP163736347 BCX1\">L\u00e4mpliga<\/span><\/span> <span class=\"TextRun SCXP163736347 BCX1\" lang=\"EN-US\" xml:lang=\"EN-US\" data-contrast=\"none\" data-usefontface=\"false\"><span class=\"SpellingError SCXP163736347 BCX1\">\u00f6vriga<\/span><\/span> <span class=\"TextRun SCXP163736347 BCX1\" lang=\"EN-US\" xml:lang=\"EN-US\" data-contrast=\"none\" data-usefontface=\"false\"><span class=\"SpellingError SCXP163736347 BCX1\">byggnader<\/span><\/span><\/li>\n<li>Fastighetsutveckling av bostadsomr\u00e5den<\/li>\n<\/ul>\n<p>Matek exporterar 95% av sin produktion. V\u00e5r viktigaste m\u00e5lmarknad \u00e4r Norden, men Mateks hus kan \u00e4ven \u00e5terfinnas i Tyskland, Schweiz, Italien och andra l\u00e4nder.<\/p>\n<h2>Kvalitet<\/h2>\n<p>Certifikat<br \/>\n<a href=\"https:\/\/www.matek.ee\/wp-content\/uploads\/2025\/10\/0809-CPR-1164-AS-Matek-25.4.2023-2.pdf\" target=\"_blank\" rel=\"noopener noreferrer\"><img loading=\"lazy\" decoding=\"async\" class=\"alignnone\" src=\"https:\/\/www.matek.ee\/wp-content\/themes\/matek\/assets\/images\/cert-logo-blue.png\" alt=\"\" width=\"140\" height=\"82\" \/><\/a>\u00a0<a href=\"https:\/\/www.matek.ee\/wp-content\/uploads\/2025\/10\/UZ-HTU1-2025-1_Matek_EE_20250725_mm.pdf\" target=\"_blank\" rel=\"noopener\"><img loading=\"lazy\" decoding=\"async\" class=\"bmf-cert-img alignnone\" src=\"https:\/\/www.matek.ee\/wp-content\/uploads\/2024\/01\/Screenshot-2024-01-18-at-14.41.37.png\" alt=\"\" width=\"1074\" height=\"1476\" \/><\/a> <img decoding=\"async\" src=\"https:\/\/www.matek.ee\/wp-content\/themes\/matek\/assets\/images\/kaubanduskoda_ENG.png\" alt=\"\" \/> <img decoding=\"async\" src=\"https:\/\/www.matek.ee\/wp-content\/themes\/matek\/assets\/images\/puitmajaliit_ENG.png\" alt=\"\" \/><a href=\"https:\/\/www.matek.ee\/wp-content\/uploads\/2025\/10\/ISO-V2-ENG_merged.pdf\" target=\"_blank\" rel=\"noopener\"><img loading=\"lazy\" decoding=\"async\" class=\"alignleft size-medium wp-image-4353\" src=\"https:\/\/www.matek.ee\/wp-content\/uploads\/2026\/01\/iso-sert-300x108.png\" alt=\"\" width=\"300\" height=\"108\" srcset=\"https:\/\/www.matek.ee\/wp-content\/uploads\/2026\/01\/iso-sert-300x108.png 300w, https:\/\/www.matek.ee\/wp-content\/uploads\/2026\/01\/iso-sert.png 600w\" sizes=\"auto, (max-width: 300px) 100vw, 300px\" \/><\/a><\/p>\n<h2>VISION<\/h2>\n<p>Erbjuda innovativa och anv\u00e4ndbara helhetsl\u00f6sningar f\u00f6r byggande baserat p\u00e5 traditionella material. Vara b\u00e4st inom sitt omr\u00e5de.<\/p>\n<h2><span class=\"TextRun SCXP239480559 BCX1\" lang=\"EN-US\" xml:lang=\"EN-US\" data-contrast=\"none\" data-usefontface=\"false\"><span class=\"SpellingError SCXP239480559 BCX1\">V\u00e5rt<\/span><\/span><span class=\"TextRun SCXP239480559 BCX1\" lang=\"EN-US\" xml:lang=\"EN-US\" data-contrast=\"none\" data-usefontface=\"false\"><span class=\"NormalTextRun SCXP239480559 BCX1\"> uppdrag<\/span><\/span><\/h2>\n<p>Tillhandah\u00e5lla kunder behovsanpassade produkter av ekologiskt rena material som matchar deras f\u00f6rv\u00e4ntningar och erbjuder en f\u00f6rb\u00e4ttrad bo- och arbetsmilj\u00f6 och komfort till st\u00f6rsta m\u00f6jliga h\u00e5llbarhet.<\/p>\n<p><span class=\"TextRun SCXP255401938 BCX1\" lang=\"SV-SE\" xml:lang=\"SV-SE\" data-contrast=\"none\" data-usefontface=\"false\"><span class=\"NormalTextRun SCXP255401938 BCX1\">Vidmakth\u00e5lla f\u00f6retagets goda rykte samt v\u00e4rna om <\/span><\/span><span class=\"TextRun SCXP255401938 BCX1\" lang=\"SV-SE\" xml:lang=\"SV-SE\" data-contrast=\"none\" data-usefontface=\"false\"><span class=\"NormalTextRun SCXP255401938 BCX1\">l\u00e5ngsiktigt n\u00f6jda kunder och skapa en stabil trivsam arbetsmilj\u00f6 <\/span><\/span><span class=\"TextRun SCXP255401938 BCX1\" lang=\"SV-SE\" xml:lang=\"SV-SE\" data-contrast=\"none\" data-usefontface=\"false\"><span class=\"NormalTextRun SCXP255401938 BCX1\">med goda utvecklingsm\u00f6jligheter f\u00f6r v\u00e5ra anst\u00e4llda.<\/span><\/span><\/p>\n<h2>V\u00c4RDERINGAR<\/h2>\n<p><strong>Vi g\u00f6r det bra<\/strong><\/p>\n<p>Som proffs kan vi v\u00e5r produkt och kan erbjuda kunden de b\u00e4sta l\u00f6sningarna. Genom att g\u00f6ra saker r\u00e4tt uppfyller och \u00f6vertr\u00e4ffar vi\u00a0 v\u00e5ra partners f\u00f6rv\u00e4ntningar.<\/p>\n<p><strong>Vi finner l\u00f6sningar<\/strong><\/p>\n<p data-ccp-props=\"{&quot;335551550&quot;:1,&quot;335551620&quot;:1,&quot;335559683&quot;:0,&quot;335559685&quot;:0,&quot;335559731&quot;:0,&quot;335559737&quot;:0,&quot;335562764&quot;:2,&quot;335562765&quot;:1,&quot;335562766&quot;:4,&quot;335562767&quot;:0,&quot;335562768&quot;:4,&quot;335562769&quot;:0}\"><span data-contrast=\"none\" data-usefontface=\"false\">Olika problem kan uppst\u00e5 i ett projekts olika faser. Vi <\/span><span data-contrast=\"none\" data-usefontface=\"false\">p\u00e5 <\/span><span data-contrast=\"none\" data-usefontface=\"false\">Matek<\/span><span data-contrast=\"none\" data-usefontface=\"false\"> \u00e4r bra p\u00e5 att hantera och finna l\u00f6sningar f\u00f6r dessa. <\/span><span data-contrast=\"none\" data-usefontface=\"false\">F\u00f6r oss \u00e4r det en hederssak att snabbt och effektivt finna <\/span><span data-contrast=\"none\" data-usefontface=\"false\">l\u00f6sningar och hantera dom.<\/span>\u200b<\/p>\n<p><strong>Tillsammans \u00e4r vi starka<\/strong><\/p>\n<p>Vi tror att n\u00e4r vi tar vara p\u00e5 varandras styrkor och s\u00e4regenheter yrkesm\u00e4ssigt, st\u00f6ttar varandra och engagerar oss i v\u00e5r verksamhet, kommer vi l\u00e4ngre tillsammans \u00e4n var och en f\u00f6r sig.<\/p>\n<p><strong>\u00c4rlighet varar l\u00e4ngst<\/strong><\/p>\n<p data-ccp-props=\"{&quot;335551550&quot;:1,&quot;335551620&quot;:1,&quot;335559683&quot;:0,&quot;335559685&quot;:0,&quot;335559731&quot;:0,&quot;335559737&quot;:0,&quot;335562764&quot;:2,&quot;335562765&quot;:1,&quot;335562766&quot;:4,&quot;335562767&quot;:0,&quot;335562768&quot;:4,&quot;335562769&quot;:0}\"><span data-contrast=\"none\" data-usefontface=\"false\">Vi h\u00e5ller det vi lovar och l\u00e4gger stor vikt att f\u00f6lja gemensamt <\/span><span data-contrast=\"none\" data-usefontface=\"false\">uppsatta m\u00e5l och avtal, ofta upplevs vi leverera mer \u00e4n <\/span><span data-contrast=\"none\" data-usefontface=\"false\">utlovat!<\/span>\u200b<\/p>\n<p><strong>Vi t\u00e4nker p\u00e5 morgondagen<\/strong><\/p>\n<p>Vi utvecklar v\u00e5ra tj\u00e4nster, produkter och v\u00e5r organisation och Nyt\u00e4nkande \u2013 innovativa l\u00f6sningar[\/vc_column_text][\/vc_column][vc_column width=&#8221;1\/4&#8243;][vc_single_image image=&#8221;1327&#8243; img_size=&#8221;large&#8221;][vc_single_image image=&#8221;1324&#8243; img_size=&#8221;large&#8221;][\/vc_column][vc_column width=&#8221;1\/4&#8243;][vc_single_image image=&#8221;1324&#8243; img_size=&#8221;large&#8221;][vc_single_image image=&#8221;1327&#8243; img_size=&#8221;large&#8221;][\/vc_column][\/vc_row]<\/p>\n<\/div>","protected":false},"excerpt":{"rendered":"<p>[vc_row][vc_column width=&#8221;1\/2&#8243;][vc_column_text css=&#8221;&#8221;] Matek Modul AB erbjuder modulbaserade bost\u00e4der med tr\u00e4stomme. Vi kombinerar standardiserade l\u00f6sningar med innovation och flexibilitet. Vi ger merv\u00e4rde genom att producera industriellt och minska tiden p\u00e5 arbetsplatsen.\u00a0\u200b Matek har \u00e4ven m\u00e5ng\u00e5rig erfarenhet av planelement produktion varf\u00f6r denna erfarenhet nyttjas i delar som \u00e4r sv\u00e5ra att modulanpassa.\u200b V\u00e5ra fr\u00e4msta produkter \u00e4r Radhus &hellip; <\/p>\n<p class=\"link-more\"><a href=\"https:\/\/www.matek.ee\/sv\/om-foretaget\/\" class=\"more-link\">Continue reading<span class=\"screen-reader-text\"> &#8221;OM F\u00d6RETAGET&#8221;<\/span><\/a><\/p>\n","protected":false},"author":3,"featured_media":0,"parent":0,"menu_order":1,"comment_status":"closed","ping_status":"closed","template":"","meta":{"_acf_changed":false,"footnotes":""},"class_list":["post-845","page","type-page","status-publish","hentry"],"acf":[],"_links":{"self":[{"href":"https:\/\/www.matek.ee\/sv\/wp-json\/wp\/v2\/pages\/845","targetHints":{"allow":["GET"]}}],"collection":[{"href":"https:\/\/www.matek.ee\/sv\/wp-json\/wp\/v2\/pages"}],"about":[{"href":"https:\/\/www.matek.ee\/sv\/wp-json\/wp\/v2\/types\/page"}],"author":[{"embeddable":true,"href":"https:\/\/www.matek.ee\/sv\/wp-json\/wp\/v2\/users\/3"}],"replies":[{"embeddable":true,"href":"https:\/\/www.matek.ee\/sv\/wp-json\/wp\/v2\/comments?post=845"}],"version-history":[{"count":5,"href":"https:\/\/www.matek.ee\/sv\/wp-json\/wp\/v2\/pages\/845\/revisions"}],"predecessor-version":[{"id":4365,"href":"https:\/\/www.matek.ee\/sv\/wp-json\/wp\/v2\/pages\/845\/revisions\/4365"}],"wp:attachment":[{"href":"https:\/\/www.matek.ee\/sv\/wp-json\/wp\/v2\/media?parent=845"}],"curies":[{"name":"wp","href":"https:\/\/api.w.org\/{rel}","templated":true}]}}