{"id":847,"date":"2017-07-03T09:16:35","date_gmt":"2017-07-03T09:16:35","guid":{"rendered":"https:\/\/www.matek.ee\/ettevottest\/ajalugu\/"},"modified":"2017-11-28T11:15:59","modified_gmt":"2017-11-28T11:15:59","slug":"historia","status":"publish","type":"page","link":"https:\/\/www.matek.ee\/sv\/om-foretaget\/historia\/","title":{"rendered":"Historia"},"content":{"rendered":"<div class=\"wpb-content-wrapper\"><p>[vc_row][vc_column][vc_column_text]<div class=\"tm_timeline tm_timeline-layout-vertical tm_timeline-layout-vertical-chessOrder\">\r\n\r\n\t<div class=\"tm_timeline__container\">\r\n\r\n\t\t<div class=\"tm_timeline__body\">\r\n\r\n\t\t\t<div class=\"tm_timeline__tense\"><\/div>\r\n\r\n\t\t\r\n\t\t\t\t<div class=\"tm_timeline__event tm_timeline__event-odd\">\r\n\t\t\t\t\t\t\t\t\t\t<div class=\"tm_timeline__event__dot\"><\/div>\r\n\t\t\t\t\t\t\t\t\t\t<div class=\"tm_timeline__event__date\">1988<\/div>\r\n\t\t\t\t\t\t\t\t\t\t\t<div class=\"tm_timeline__event__title\">\r\n\t\t\t\t\t\t\tDet gemensamma bolaget Matek bildas\t\t\t\t\t\t<\/div>\r\n\t\t\t\t\t\t\t\t\t\t<div class=\"tm_timeline__event__description\">\r\n\t\t\t\t\t\t\t\t\t\t\t<\/div>\r\n\t\t\t\t<\/div>\r\n\r\n\t\t\t\t\t\t\t\r\n\t\t\t\t<div class=\"tm_timeline__event tm_timeline__event-even\">\r\n\t\t\t\t\t\t\t\t\t\t<div class=\"tm_timeline__event__dot\"><\/div>\r\n\t\t\t\t\t\t\t\t\t\t<div class=\"tm_timeline__event__date\">1989<\/div>\r\n\t\t\t\t\t\t\t\t\t\t\t<div class=\"tm_timeline__event__title\">\r\n\t\t\t\t\t\t\tMatek \u00f6ppnar sin f\u00f6rsta fabrik\t\t\t\t\t\t<\/div>\r\n\t\t\t\t\t\t\t\t\t\t<div class=\"tm_timeline__event__description\">\r\n\t\t\t\t\t\t\t\t\t\t\t<\/div>\r\n\t\t\t\t<\/div>\r\n\r\n\t\t\t\t\t\t\t\r\n\t\t\t\t<div class=\"tm_timeline__event tm_timeline__event-odd\">\r\n\t\t\t\t\t\t\t\t\t\t<div class=\"tm_timeline__event__dot\"><\/div>\r\n\t\t\t\t\t\t\t\t\t\t<div class=\"tm_timeline__event__date\">1992<\/div>\r\n\t\t\t\t\t\t\t\t\t\t\t<div class=\"tm_timeline__event__title\">\r\n\t\t\t\t\t\t\tExport till den svenska marknaden startar\t\t\t\t\t\t<\/div>\r\n\t\t\t\t\t\t\t\t\t\t<div class=\"tm_timeline__event__description\">\r\n\t\t\t\t\t\t\t\t\t\t\t<\/div>\r\n\t\t\t\t<\/div>\r\n\r\n\t\t\t\t\t\t\t\r\n\t\t\t\t<div class=\"tm_timeline__event tm_timeline__event-even\">\r\n\t\t\t\t\t\t\t\t\t\t<div class=\"tm_timeline__event__dot\"><\/div>\r\n\t\t\t\t\t\t\t\t\t\t<div class=\"tm_timeline__event__date\">1993<\/div>\r\n\t\t\t\t\t\t\t\t\t\t\t<div class=\"tm_timeline__event__title\">\r\n\t\t\t\t\t\t\tExport till den tyska marknaden startar\t\t\t\t\t\t<\/div>\r\n\t\t\t\t\t\t\t\t\t\t<div class=\"tm_timeline__event__description\">\r\n\t\t\t\t\t\t\t\t\t\t\t<\/div>\r\n\t\t\t\t<\/div>\r\n\r\n\t\t\t\t\t\t\t\r\n\t\t\t\t<div class=\"tm_timeline__event tm_timeline__event-odd\">\r\n\t\t\t\t\t\t\t\t\t\t<div class=\"tm_timeline__event__dot\"><\/div>\r\n\t\t\t\t\t\t\t\t\t\t<div class=\"tm_timeline__event__date\">1997<\/div>\r\n\t\t\t\t\t\t\t\t\t\t\t<div class=\"tm_timeline__event__title\">\r\n\t\t\t\t\t\t\tExport till den norska marknaden startar\t\t\t\t\t\t<\/div>\r\n\t\t\t\t\t\t\t\t\t\t<div class=\"tm_timeline__event__description\">\r\n\t\t\t\t\t\t\t\t\t\t\t<\/div>\r\n\t\t\t\t<\/div>\r\n\r\n\t\t\t\t\t\t\t\r\n\t\t\t\t<div class=\"tm_timeline__event tm_timeline__event-even\">\r\n\t\t\t\t\t\t\t\t\t\t<div class=\"tm_timeline__event__dot\"><\/div>\r\n\t\t\t\t\t\t\t\t\t\t<div class=\"tm_timeline__event__date\">1997<\/div>\r\n\t\t\t\t\t\t\t\t\t\t\t<div class=\"tm_timeline__event__title\">\r\n\t\t\t\t\t\t\tDIN 1052 certifikat (Tyskland)\t\t\t\t\t\t<\/div>\r\n\t\t\t\t\t\t\t\t\t\t<div class=\"tm_timeline__event__description\">\r\n\t\t\t\t\t\t\t\t\t\t\t<\/div>\r\n\t\t\t\t<\/div>\r\n\r\n\t\t\t\t\t\t\t\r\n\t\t\t\t<div class=\"tm_timeline__event tm_timeline__event-odd\">\r\n\t\t\t\t\t\t\t\t\t\t<div class=\"tm_timeline__event__dot\"><\/div>\r\n\t\t\t\t\t\t\t\t\t\t<div class=\"tm_timeline__event__date\">2004<\/div>\r\n\t\t\t\t\t\t\t\t\t\t\t<div class=\"tm_timeline__event__title\">\r\n\t\t\t\t\t\t\tExport till den isl\u00e4ndska marknaden startar\t\t\t\t\t\t<\/div>\r\n\t\t\t\t\t\t\t\t\t\t<div class=\"tm_timeline__event__description\">\r\n\t\t\t\t\t\t\t\t\t\t\t<\/div>\r\n\t\t\t\t<\/div>\r\n\r\n\t\t\t\t\t\t\t\r\n\t\t\t\t<div class=\"tm_timeline__event tm_timeline__event-even\">\r\n\t\t\t\t\t\t\t\t\t\t<div class=\"tm_timeline__event__dot\"><\/div>\r\n\t\t\t\t\t\t\t\t\t\t<div class=\"tm_timeline__event__date\">2005<\/div>\r\n\t\t\t\t\t\t\t\t\t\t\t<div class=\"tm_timeline__event__title\">\r\n\t\t\t\t\t\t\tF\u00f6rsta storprojekt med ett nyckelf\u00e4rdigt bostadsomr\u00e5de i Estland\t\t\t\t\t\t<\/div>\r\n\t\t\t\t\t\t\t\t\t\t<div class=\"tm_timeline__event__description\">\r\n\t\t\t\t\t\t\t\t\t\t\t<\/div>\r\n\t\t\t\t<\/div>\r\n\r\n\t\t\t\t\t\t\t\r\n\t\t\t\t<div class=\"tm_timeline__event tm_timeline__event-odd\">\r\n\t\t\t\t\t\t\t\t\t\t<div class=\"tm_timeline__event__dot\"><\/div>\r\n\t\t\t\t\t\t\t\t\t\t<div class=\"tm_timeline__event__date\">2006<\/div>\r\n\t\t\t\t\t\t\t\t\t\t\t<div class=\"tm_timeline__event__title\">\r\n\t\t\t\t\t\t\tISO 9001 certifikat\t\t\t\t\t\t<\/div>\r\n\t\t\t\t\t\t\t\t\t\t<div class=\"tm_timeline__event__description\">\r\n\t\t\t\t\t\t\t\t\t\t\t<\/div>\r\n\t\t\t\t<\/div>\r\n\r\n\t\t\t\t\t\t\t\r\n\t\t\t\t<div class=\"tm_timeline__event tm_timeline__event-even\">\r\n\t\t\t\t\t\t\t\t\t\t<div class=\"tm_timeline__event__dot\"><\/div>\r\n\t\t\t\t\t\t\t\t\t\t<div class=\"tm_timeline__event__date\">2009<\/div>\r\n\t\t\t\t\t\t\t\t\t\t\t<div class=\"tm_timeline__event__title\">\r\n\t\t\t\t\t\t\tSINTEF certifikat\t\t\t\t\t\t<\/div>\r\n\t\t\t\t\t\t\t\t\t\t<div class=\"tm_timeline__event__description\">\r\n\t\t\t\t\t\t\t\t\t\t\t<\/div>\r\n\t\t\t\t<\/div>\r\n\r\n\t\t\t\t\t\t\t\r\n\t\t\t\t<div class=\"tm_timeline__event tm_timeline__event-odd\">\r\n\t\t\t\t\t\t\t\t\t\t<div class=\"tm_timeline__event__dot\"><\/div>\r\n\t\t\t\t\t\t\t\t\t\t<div class=\"tm_timeline__event__date\">2012<\/div>\r\n\t\t\t\t\t\t\t\t\t\t\t<div class=\"tm_timeline__event__title\">\r\n\t\t\t\t\t\t\tMatek \u00f6ppnar en ny fabrik som m\u00f6jligg\u00f6r en f\u00f6rdubbling av den hittillsvarande produktionsvolymen\t\t\t\t\t\t<\/div>\r\n\t\t\t\t\t\t\t\t\t\t<div class=\"tm_timeline__event__description\">\r\n\t\t\t\t\t\t\t\t\t\t\t<\/div>\r\n\t\t\t\t<\/div>\r\n\r\n\t\t\t\t\t\t\t\r\n\t\t\t\t<div class=\"tm_timeline__event tm_timeline__event-even\">\r\n\t\t\t\t\t\t\t\t\t\t<div class=\"tm_timeline__event__dot\"><\/div>\r\n\t\t\t\t\t\t\t\t\t\t<div class=\"tm_timeline__event__date\">2015<\/div>\r\n\t\t\t\t\t\t\t\t\t\t\t<div class=\"tm_timeline__event__title\">\r\n\t\t\t\t\t\t\tETA certifikat\t\t\t\t\t\t<\/div>\r\n\t\t\t\t\t\t\t\t\t\t<div class=\"tm_timeline__event__description\">\r\n\t\t\t\t\t\t\t\t\t\t\t<\/div>\r\n\t\t\t\t<\/div>\r\n\r\n\t\t\t\t\t\t\t\r\n\t\t\t\t<div class=\"tm_timeline__event tm_timeline__event-odd\">\r\n\t\t\t\t\t\t\t\t\t\t<div class=\"tm_timeline__event__dot\"><\/div>\r\n\t\t\t\t\t\t\t\t\t\t<div class=\"tm_timeline__event__date\">2019<\/div>\r\n\t\t\t\t\t\t\t\t\t\t\t<div class=\"tm_timeline__event__title\">\r\n\t\t\t\t\t\t\tMatek Modul AB bildas f\u00f6r att fokusera p\u00e5 modulbaserade bost\u00e4der f\u00f6r Svenska marknaden\t\t\t\t\t\t<\/div>\r\n\t\t\t\t\t\t\t\t\t\t<div class=\"tm_timeline__event__description\">\r\n\t\t\t\t\t\t\t\t\t\t\t<\/div>\r\n\t\t\t\t<\/div>\r\n\r\n\t\t\t\t\t\t\t\t\t\t\r\n\t\t<\/div>\r\n\t<\/div>\r\n<\/div>\r\n[\/vc_column_text][\/vc_column][\/vc_row]<\/p>\n<\/div>","protected":false},"excerpt":{"rendered":"<p>[vc_row][vc_column][vc_column_text][\/vc_column_text][\/vc_column][\/vc_row]<\/p>\n","protected":false},"author":3,"featured_media":0,"parent":845,"menu_order":0,"comment_status":"closed","ping_status":"closed","template":"","meta":{"_acf_changed":false,"footnotes":""},"class_list":["post-847","page","type-page","status-publish","hentry"],"acf":[],"_links":{"self":[{"href":"https:\/\/www.matek.ee\/sv\/wp-json\/wp\/v2\/pages\/847","targetHints":{"allow":["GET"]}}],"collection":[{"href":"https:\/\/www.matek.ee\/sv\/wp-json\/wp\/v2\/pages"}],"about":[{"href":"https:\/\/www.matek.ee\/sv\/wp-json\/wp\/v2\/types\/page"}],"author":[{"embeddable":true,"href":"https:\/\/www.matek.ee\/sv\/wp-json\/wp\/v2\/users\/3"}],"replies":[{"embeddable":true,"href":"https:\/\/www.matek.ee\/sv\/wp-json\/wp\/v2\/comments?post=847"}],"version-history":[{"count":0,"href":"https:\/\/www.matek.ee\/sv\/wp-json\/wp\/v2\/pages\/847\/revisions"}],"up":[{"embeddable":true,"href":"https:\/\/www.matek.ee\/sv\/wp-json\/wp\/v2\/pages\/845"}],"wp:attachment":[{"href":"https:\/\/www.matek.ee\/sv\/wp-json\/wp\/v2\/media?parent=847"}],"curies":[{"name":"wp","href":"https:\/\/api.w.org\/{rel}","templated":true}]}}