{"id":860,"date":"2016-12-28T08:50:43","date_gmt":"2016-12-28T08:50:43","guid":{"rendered":"https:\/\/www.matek.ee\/element\/"},"modified":"2019-08-15T15:32:40","modified_gmt":"2019-08-15T12:32:40","slug":"element","status":"publish","type":"page","link":"https:\/\/www.matek.ee\/sv\/element\/","title":{"rendered":"Element"},"content":{"rendered":"<div class=\"wpb-content-wrapper\"><p>[vc_row][vc_column width=&#8221;1\/2&#8243;][vc_column_text]<\/p>\n<h2>Vad \u00e4r ett elementhus?<\/h2>\n<p>Ett elementhus best\u00e5r av frist\u00e5ende planelement i tr\u00e4 som monteras ihop p\u00e5 byggplatsen.<\/p>\n<h2>Vad ing\u00e5r i v\u00e5r leverans?<\/h2>\n<ul>\n<li><strong>V\u00e4ggelement:<\/strong>\n<ul>\n<li><em>Ytterv\u00e4ggselement<\/em>. De fabrikstillverkade elementen \u00e4r v\u00e4rmeisolerade och bekl\u00e4dda utv\u00e4ndigt med \u00f6nskat fasadmaterial (panel, fasadskivor el.dyl.) De \u00e4r dessutom f\u00f6rsedda med genomf\u00f6ringar och kopplingsdosor f\u00f6r el, inv\u00e4ndiga gipsskivor, f\u00f6nster, f\u00f6nsterbleck och -foder.<\/li>\n<li><em>Innerv\u00e4ggselement.<\/em> Tillslutna skivbekl\u00e4dda element \u00e4r fyllda med mineralull och f\u00f6rsedda med genomf\u00f6ringar och kopplingsdosor f\u00f6r el.<\/li>\n<\/ul>\n<\/li>\n<li><strong>Mellanbj\u00e4lklagselement. <\/strong>De prefabricerade elementen \u00e4r fyllda med mineralull och t\u00e4ckta med tr\u00e4fiberskivor. Takgips och skruvl\u00e4kt monteras p\u00e5 byggplatsen.<\/li>\n<li><strong>Yttertakselement och\/eller -material. <\/strong>Prefabricerade v\u00e4rmeisolerade yttertakselement d\u00e4r vindsbj\u00e4lklaget \u00e4r isolerat med mineralull och t\u00e4ckt ovanp\u00e5 med underlagstak och ventilationsl\u00e4kt. P\u00e5 byggplatsen \u00e5terst\u00e5r att l\u00e4gga takbel\u00e4ggningen och de skikt som l\u00e4ggs nedanf\u00f6r \u00e5ngsp\u00e4rren (spikl\u00e4kt f\u00f6r innertaket och takgips)<\/li>\n<li><strong>Balkongelement<\/strong><\/li>\n<li><strong>Terrasselement<\/strong><\/li>\n<li><strong>Balkong-och terrassr\u00e4cken<\/strong><\/li>\n<\/ul>\n<p>Allt detta levereras till byggplatsen och monteras ihop p\u00e5 kundens best\u00e4llning.<\/p>\n<p>N\u00e4r vi l\u00e4mnar byggplatsen \u00e4r huset f\u00e4rdigt utv\u00e4ndigt och gipsf\u00e4rdigt inv\u00e4ndigt. OBS! Eftersom vi i f\u00f6rsta hand \u00e4r hustillverkare utf\u00f6r vi inte grundl\u00e4ggningsarbeten, finisharbeten, VVS- och elinstallationer.[\/vc_column_text][\/vc_column][vc_column width=&#8221;1\/2&#8243;][vc_column_text]<\/p>\n<h2>Villka hus bygger vi av element?<\/h2>\n<p>Tr\u00e4element kan anv\u00e4ndas f\u00f6r byggnader med mycket olika arkitektur och funktion. L\u00e4mpliga projekt f\u00f6r oss \u00e4r:<\/p>\n<ul>\n<li>Villor och parhus<\/li>\n<li>Radhus<\/li>\n<li>Flerfamiljshus<\/li>\n<li>Offentliga byggnader (hotell, studentbost\u00e4der, sjukhus, v\u00e5rdhem, daghem, skolor mm)<\/li>\n<li>Ytterv\u00e4ggs- och yttertakselement till flerfamiljshus och offentliga byggnader med b\u00e4rande betong- eller st\u00e5lkonstruktion.<\/li>\n<\/ul>\n<p>Vanligt virke kan anv\u00e4ndas f\u00f6r byggnation av upp till 4 v\u00e5ningar h\u00f6ga byggnader med b\u00e4rande tr\u00e4konstruktioner.<\/p>\n<h2>Vad f\u00f6rv\u00e4ntar vi oss av kunden?<\/h2>\n<p>Arkitektoniska:<\/p>\n<ul>\n<li>Planritningar<\/li>\n<li>Tv\u00e4rsnitt p\u00e5 huset<\/li>\n<li>Utomhusvyer p\u00e5 alla 4 sidor av huset<\/li>\n<\/ul>\n<p>[\/vc_column_text][vc_images_carousel images=&#8221;1084&#8243;][\/vc_column][\/vc_row]<\/p>\n<\/div>","protected":false},"excerpt":{"rendered":"<p>[vc_row][vc_column width=&#8221;1\/2&#8243;][vc_column_text] Vad \u00e4r ett elementhus? Ett elementhus best\u00e5r av frist\u00e5ende planelement i tr\u00e4 som monteras ihop p\u00e5 byggplatsen. Vad ing\u00e5r i v\u00e5r leverans? V\u00e4ggelement: Ytterv\u00e4ggselement. De fabrikstillverkade elementen \u00e4r v\u00e4rmeisolerade och bekl\u00e4dda utv\u00e4ndigt med \u00f6nskat fasadmaterial (panel, fasadskivor el.dyl.) De \u00e4r dessutom f\u00f6rsedda med genomf\u00f6ringar och kopplingsdosor f\u00f6r el, inv\u00e4ndiga gipsskivor, f\u00f6nster, f\u00f6nsterbleck och &hellip; <\/p>\n<p class=\"link-more\"><a href=\"https:\/\/www.matek.ee\/sv\/element\/\" class=\"more-link\">Continue reading<span class=\"screen-reader-text\"> &#8221;Element&#8221;<\/span><\/a><\/p>\n","protected":false},"author":3,"featured_media":0,"parent":0,"menu_order":5,"comment_status":"closed","ping_status":"closed","template":"","meta":{"_acf_changed":false,"footnotes":""},"class_list":["post-860","page","type-page","status-publish","hentry"],"acf":[],"_links":{"self":[{"href":"https:\/\/www.matek.ee\/sv\/wp-json\/wp\/v2\/pages\/860","targetHints":{"allow":["GET"]}}],"collection":[{"href":"https:\/\/www.matek.ee\/sv\/wp-json\/wp\/v2\/pages"}],"about":[{"href":"https:\/\/www.matek.ee\/sv\/wp-json\/wp\/v2\/types\/page"}],"author":[{"embeddable":true,"href":"https:\/\/www.matek.ee\/sv\/wp-json\/wp\/v2\/users\/3"}],"replies":[{"embeddable":true,"href":"https:\/\/www.matek.ee\/sv\/wp-json\/wp\/v2\/comments?post=860"}],"version-history":[{"count":0,"href":"https:\/\/www.matek.ee\/sv\/wp-json\/wp\/v2\/pages\/860\/revisions"}],"wp:attachment":[{"href":"https:\/\/www.matek.ee\/sv\/wp-json\/wp\/v2\/media?parent=860"}],"curies":[{"name":"wp","href":"https:\/\/api.w.org\/{rel}","templated":true}]}}