{"id":863,"date":"2016-12-28T08:51:03","date_gmt":"2016-12-28T08:51:03","guid":{"rendered":"https:\/\/www.matek.ee\/module\/"},"modified":"2019-08-08T13:26:02","modified_gmt":"2019-08-08T10:26:02","slug":"modul","status":"publish","type":"page","link":"https:\/\/www.matek.ee\/sv\/modul\/","title":{"rendered":"Modul"},"content":{"rendered":"<div class=\"wpb-content-wrapper\"><p>[vc_row][vc_column width=&#8221;1\/2&#8243;][vc_column_text]<\/p>\n<h2>vad \u00e4r en modul?<\/h2>\n<p data-ccp-props=\"{&quot;335551550&quot;:1,&quot;335551620&quot;:1,&quot;335559683&quot;:0,&quot;335559685&quot;:0,&quot;335559731&quot;:0,&quot;335559737&quot;:0,&quot;335562764&quot;:2,&quot;335562765&quot;:1,&quot;335562766&quot;:4,&quot;335562767&quot;:0,&quot;335562768&quot;:4,&quot;335562769&quot;:0}\"><span data-contrast=\"none\" data-usefontface=\"false\"> En modern industriellt <\/span><span data-contrast=\"none\" data-usefontface=\"false\">producerad del av en bostad. Det kan vara <\/span><span data-contrast=\"none\" data-usefontface=\"false\">en hel komplett i princip inflyttningsklar <\/span><span data-contrast=\"none\" data-usefontface=\"false\">l\u00e4genhet men ofta s\u00e5 best\u00e5r en l\u00e4genhet av <\/span><span data-contrast=\"none\" data-usefontface=\"false\">flera moduler som kopplas ihop.\u00a0<\/span>\u200b<\/p>\n<h2>Vilka jobb kan g\u00f6ras i fabriken?<\/h2>\n<ul>\n<li>Inom moduler utf\u00f6r vi f\u00f6ljande:\n<ul>\n<li>El<\/li>\n<li>Vatten<\/li>\n<li>V\u00e4rme<\/li>\n<li>Ventilation<\/li>\n<li>Automatiska brandsl\u00e4ckningssystem (sprinklersystem)<\/li>\n<\/ul>\n<\/li>\n<li>Ytskiktsarbeten inuti modulen:\n<ul>\n<li>Kakling i v\u00e5tutrymmen<\/li>\n<li>M\u00e5leriarbeten, s\u00e4tter upp tapet\/m\u00e5lad panel p\u00e5 v\u00e4ggarna<\/li>\n<li>L\u00e4gger parkett- eller PVC-golv<\/li>\n<li>Vi installerar:<\/li>\n<li>Sanit\u00e4rteknisk utrustning(blandare,WC-stolar,badkar,handfat, duschkabiner)<\/li>\n<li>Belysning<\/li>\n<\/ul>\n<ul>\n<li>K\u00f6ks-och badrumsinredning<\/li>\n<\/ul>\n<\/li>\n<\/ul>\n<p><span style=\"color: #666666; font-size: 1.25rem;\">Vilka hus passar som modulhus?<\/span><\/p>\n<ul>\n<li>Upp till 4 v\u00e5ningar h\u00f6ga hus av vanligt virke, vid h\u00f6gre hus nyttjas CLT<\/li>\n<li>\n<p data-ccp-props=\"{&quot;335551550&quot;:1,&quot;335551620&quot;:1,&quot;335559683&quot;:0,&quot;335559685&quot;:0,&quot;335559731&quot;:0,&quot;335559737&quot;:0,&quot;335562764&quot;:2,&quot;335562765&quot;:1,&quot;335562766&quot;:4,&quot;335562767&quot;:0,&quot;335562768&quot;:4,&quot;335562769&quot;:0}\"><span data-contrast=\"none\" data-usefontface=\"false\">St\u00f6rre projekt f\u00f6r att uppn\u00e5 <\/span><span data-contrast=\"none\" data-usefontface=\"false\">effektivitet i projektering, produktion <\/span><span data-contrast=\"none\" data-usefontface=\"false\">och transport<\/span>\u200b<\/p>\n<\/li>\n<li>\n<p data-ccp-props=\"{&quot;335551550&quot;:1,&quot;335551620&quot;:1,&quot;335559683&quot;:0,&quot;335559685&quot;:0,&quot;335559731&quot;:0,&quot;335559737&quot;:0,&quot;335562764&quot;:2,&quot;335562765&quot;:1,&quot;335562766&quot;:4,&quot;335562767&quot;:0,&quot;335562768&quot;:4,&quot;335562769&quot;:0}\">Enligt transportvillkoren \u00e4r modulens max till\u00e5tna m\u00e5tt<\/p>\n<ul>\n<li>Bredd 4,2 m<\/li>\n<li>L\u00e4ngd\u00a0 11,5 m<\/li>\n<li>H\u00f6jd max \u00a03 m<\/li>\n<\/ul>\n<\/li>\n<li>Vissa begr\u00e4nsningar vid arkitektonisk planering:\n<ul>\n<li>genomg\u00e5ende b\u00e4rande linjer<\/li>\n<li>dubbla v\u00e4ggar mellan moduler<\/li>\n<li>genomg\u00e5ende schakt<\/li>\n<\/ul>\n<\/li>\n<\/ul>\n<h2>Hur g\u00e5r modulens montering till?<\/h2>\n<ul>\n<li>Vi monterar modulerna med kran, v\u00e5ningsplan f\u00f6r v\u00e5ningsplan direkt fr\u00e5n lastfordonet<\/li>\n<li>Monteringshastigheten \u00e4r 30-60 minuter\/modul beroende\u00a0 p\u00e5 modulens specifika egenskaper<\/li>\n<li>Efter att modulen \u00e4r p\u00e5 plats monteras elementbyggda delar s\u00e5som loftg\u00e5ngar, balkonger, terrasser, skyddstak mm<\/li>\n<li>P\u00e5 byggplatsen \u00e5terst\u00e5r att utf\u00f6ra f\u00f6rbanden utanf\u00f6r moduler (panel\/fasadskiva f\u00f6r modulskarvar), inv\u00e4ndiga kopplingar inuti modulerna (vatten, avlopp, ventilation, el och sprinklersystem)<\/li>\n<li>Beroende p\u00e5 modulens\u00a0f\u00e4rdighetsgrad \u00e4r tids\u00e5tg\u00e5ngen f\u00f6r finisharbeten p\u00e5 byggplatsen f\u00f6r ett ca 1000 m\u00b2 hus ca 3-6 veckor<\/li>\n<\/ul>\n<p>[\/vc_column_text][\/vc_column][vc_column width=&#8221;1\/2&#8243;][vc_column_text]<\/p>\n<h2>Vad f\u00f6rv\u00e4ntar vi oss av kunden?<\/h2>\n<ul>\n<li data-ccp-props=\"{&quot;335551550&quot;:1,&quot;335551620&quot;:1,&quot;335559683&quot;:0,&quot;335559685&quot;:0,&quot;335559731&quot;:0,&quot;335559737&quot;:0,&quot;335562764&quot;:2,&quot;335562765&quot;:1,&quot;335562766&quot;:4,&quot;335562767&quot;:0,&quot;335562768&quot;:4,&quot;335562769&quot;:0}\"><span data-contrast=\"none\" data-usefontface=\"false\">Vill du nyttja <\/span><span data-contrast=\"none\" data-usefontface=\"false\">Mateks<\/span><span data-contrast=\"none\" data-usefontface=\"false\"> standardisera <\/span><span data-contrast=\"none\" data-usefontface=\"false\">modulsystem? kontakta oss s\u00e5 ber\u00e4ttar vi <\/span><span data-contrast=\"none\" data-usefontface=\"false\">mer.<\/span>\u200b<\/li>\n<li><strong>En arkitektonisk l\u00f6sning som \u00e4r l\u00e4mpad f\u00f6r modulbygge<\/strong>\n<ul>\n<li>planritningar,<\/li>\n<li>tv\u00e4rsnitt p\u00e5 huset och utomhusvyer p\u00e5 alla 4 sidor av huset.<\/li>\n<\/ul>\n<\/li>\n<li><strong>Principskiss \u00f6ver:<\/strong>\n<ul>\n<li>el-,<\/li>\n<li>ventilation-,<\/li>\n<li>vatten-,<\/li>\n<li>v\u00e4rme-;<\/li>\n<li>automatiska brandsl\u00e4ckningssystem (sprinklersystem)<\/li>\n<\/ul>\n<\/li>\n<\/ul>\n<ul>\n<li><strong>Agerande som byggherre och ansvarig projekterare<\/strong><\/li>\n<\/ul>\n<h2>Vilka arbeten p\u00e5 byggplatsen st\u00e5r vi f\u00f6r? Vilka st\u00e5r kunden f\u00f6r?<\/h2>\n<h2><u>Vi:<\/u><\/h2>\n<ul>\n<li>Husets tr\u00e4delar i form av rumiska to modulelement<\/li>\n<li>Kopplingar och f\u00f6rband mellan moduler i inv\u00e4ndiga och utv\u00e4ndiga ytskikt (saker som inte kan f\u00e4rdigst\u00e4llas i fabriken)<\/li>\n<li>Elementbyggda tr\u00e4delar: loftg\u00e5ngar, balkonger, terrasser, skyddstak to yttertak mm.<\/li>\n<\/ul>\n<h2><u>Kund:<\/u><\/h2>\n<ul>\n<li>Husgrund och \u00f6vriga gjutna delar<\/li>\n<li>Utv\u00e4ndiga tekniska f\u00f6rs\u00f6rjningssystem, anslutning till dessa<\/li>\n<li>Administrativa \u00e4renden p\u00e5 byggplatsen: anordnande av avfallscontainrar, byggplatskontor, logi f\u00f6r monteringsteamet, lyftkranar och byggst\u00e4llningar<\/li>\n<\/ul>\n<p>[\/vc_column_text][vc_images_carousel images=&#8221;280&#8243;][\/vc_column][\/vc_row]<\/p>\n<\/div>","protected":false},"excerpt":{"rendered":"<p>[vc_row][vc_column width=&#8221;1\/2&#8243;][vc_column_text] vad \u00e4r en modul? En modern industriellt producerad del av en bostad. Det kan vara en hel komplett i princip inflyttningsklar l\u00e4genhet men ofta s\u00e5 best\u00e5r en l\u00e4genhet av flera moduler som kopplas ihop.\u00a0\u200b Vilka jobb kan g\u00f6ras i fabriken? Inom moduler utf\u00f6r vi f\u00f6ljande: El Vatten V\u00e4rme Ventilation Automatiska brandsl\u00e4ckningssystem (sprinklersystem) Ytskiktsarbeten &hellip; <\/p>\n<p class=\"link-more\"><a href=\"https:\/\/www.matek.ee\/sv\/modul\/\" class=\"more-link\">Continue reading<span class=\"screen-reader-text\"> &#8221;Modul&#8221;<\/span><\/a><\/p>\n","protected":false},"author":3,"featured_media":0,"parent":0,"menu_order":6,"comment_status":"closed","ping_status":"closed","template":"","meta":{"_acf_changed":false,"footnotes":""},"class_list":["post-863","page","type-page","status-publish","hentry"],"acf":[],"_links":{"self":[{"href":"https:\/\/www.matek.ee\/sv\/wp-json\/wp\/v2\/pages\/863","targetHints":{"allow":["GET"]}}],"collection":[{"href":"https:\/\/www.matek.ee\/sv\/wp-json\/wp\/v2\/pages"}],"about":[{"href":"https:\/\/www.matek.ee\/sv\/wp-json\/wp\/v2\/types\/page"}],"author":[{"embeddable":true,"href":"https:\/\/www.matek.ee\/sv\/wp-json\/wp\/v2\/users\/3"}],"replies":[{"embeddable":true,"href":"https:\/\/www.matek.ee\/sv\/wp-json\/wp\/v2\/comments?post=863"}],"version-history":[{"count":0,"href":"https:\/\/www.matek.ee\/sv\/wp-json\/wp\/v2\/pages\/863\/revisions"}],"wp:attachment":[{"href":"https:\/\/www.matek.ee\/sv\/wp-json\/wp\/v2\/media?parent=863"}],"curies":[{"name":"wp","href":"https:\/\/api.w.org\/{rel}","templated":true}]}}